{"id":3,"date":"2019-04-10T02:12:14","date_gmt":"2019-04-10T02:12:14","guid":{"rendered":"https:\/\/lojadesites.com.br\/vidros\/?page_id=3"},"modified":"2025-10-13T13:45:42","modified_gmt":"2025-10-13T17:45:42","slug":"privacy-policy","status":"publish","type":"page","link":"https:\/\/lojadesites.com.br\/vidros\/privacy-policy\/","title":{"rendered":"Pol\u00edtica de Privacidade"},"content":{"rendered":"\t\t<div data-elementor-type=\"wp-page\" data-elementor-id=\"3\" class=\"elementor elementor-3\" data-elementor-post-type=\"page\">\n\t\t\t\t\t\t<section class=\"elementor-section elementor-top-section elementor-element elementor-element-eb80a31 elementor-section-height-min-height elementor-section-boxed elementor-section-height-default elementor-section-items-middle\" data-id=\"eb80a31\" data-element_type=\"section\" data-e-type=\"section\" data-settings=\"{&quot;background_background&quot;:&quot;classic&quot;}\">\n\t\t\t\t\t\t\t<div class=\"elementor-background-overlay\"><\/div>\n\t\t\t\t\t\t\t<div class=\"elementor-container elementor-column-gap-default\">\n\t\t\t\t\t<div class=\"elementor-column elementor-col-100 elementor-top-column elementor-element elementor-element-5da979b elementor-invisible\" data-id=\"5da979b\" data-element_type=\"column\" data-e-type=\"column\" data-settings=\"{&quot;animation&quot;:&quot;fadeIn&quot;}\">\n\t\t\t<div class=\"elementor-widget-wrap elementor-element-populated\">\n\t\t\t\t\t\t<div class=\"elementor-element elementor-element-4ab421f elementor-widget elementor-widget-heading\" data-id=\"4ab421f\" data-element_type=\"widget\" data-e-type=\"widget\" data-widget_type=\"heading.default\">\n\t\t\t\t<div class=\"elementor-widget-container\">\n\t\t\t\t\t<h1 class=\"elementor-heading-title elementor-size-default\">Pol\u00edtica de Privacidade<\/h1>\t\t\t\t<\/div>\n\t\t\t\t<\/div>\n\t\t\t\t\t<\/div>\n\t\t<\/div>\n\t\t\t\t\t<\/div>\n\t\t<\/section>\n\t\t\t\t<section class=\"elementor-section elementor-top-section elementor-element elementor-element-7948910 elementor-section-boxed elementor-section-height-default elementor-section-height-default\" data-id=\"7948910\" data-element_type=\"section\" data-e-type=\"section\">\n\t\t\t\t\t\t<div class=\"elementor-container elementor-column-gap-default\">\n\t\t\t\t\t<div class=\"elementor-column elementor-col-100 elementor-top-column elementor-element elementor-element-4659670\" data-id=\"4659670\" data-element_type=\"column\" data-e-type=\"column\">\n\t\t\t<div class=\"elementor-widget-wrap elementor-element-populated\">\n\t\t\t\t\t\t<div class=\"elementor-element elementor-element-0cbbed0 elementor-widget elementor-widget-text-editor\" data-id=\"0cbbed0\" data-element_type=\"widget\" data-e-type=\"widget\" data-widget_type=\"text-editor.default\">\n\t\t\t\t<div class=\"elementor-widget-container\">\n\t\t\t\t\t\t\t\t\t<h3 data-start=\"359\" data-end=\"410\">Pol\u00edtica de Privacidade \u2014 Portal Mais Dinheiro<\/h3><p data-start=\"412\" data-end=\"709\">A <strong data-start=\"414\" data-end=\"441\">Pol\u00edtica de Privacidade<\/strong> do <strong data-start=\"445\" data-end=\"469\">Portal Mais Dinheiro<\/strong> foi criada para reafirmar nosso compromisso com a <strong data-start=\"520\" data-end=\"562\">seguran\u00e7a, privacidade e transpar\u00eancia<\/strong> no tratamento das informa\u00e7\u00f5es pessoais dos usu\u00e1rios que acessam o site <strong data-start=\"634\" data-end=\"708\"><a class=\"decorated-link\" href=\"https:\/\/lojadesites.com.br\/vidros\" target=\"_new\" rel=\"noopener\" data-start=\"636\" data-end=\"706\">https:\/\/lojadesites.com.br\/vidros<\/a><\/strong>.<\/p><p data-start=\"711\" data-end=\"898\">Ao navegar em nosso site, voc\u00ea <strong data-start=\"742\" data-end=\"798\">concorda com os termos desta Pol\u00edtica de Privacidade<\/strong>. Caso n\u00e3o concorde com alguma condi\u00e7\u00e3o aqui descrita, recomendamos que n\u00e3o utilize nossos servi\u00e7os.<\/p><hr data-start=\"900\" data-end=\"903\" \/><h2 data-start=\"905\" data-end=\"942\">1. Sobre o Portal Mais Dinheiro<\/h2><p data-start=\"944\" data-end=\"1201\">O <strong data-start=\"946\" data-end=\"970\">Portal Mais Dinheiro<\/strong> \u00e9 um portal de conte\u00fado informativo voltado para <strong data-start=\"1020\" data-end=\"1088\">finan\u00e7as pessoais, renda extra, empreendedorismo e investimentos<\/strong>, com o objetivo de oferecer <strong data-start=\"1117\" data-end=\"1161\">dicas, an\u00e1lises e informa\u00e7\u00f5es educativas<\/strong> sobre como lidar melhor com o dinheiro.<\/p><p data-start=\"1203\" data-end=\"1293\">Nosso compromisso \u00e9 com a <strong data-start=\"1229\" data-end=\"1272\">clareza, utilidade e prote\u00e7\u00e3o dos dados<\/strong> dos nossos leitores.<\/p><hr data-start=\"1295\" data-end=\"1298\" \/><h2 data-start=\"1300\" data-end=\"1330\">2. Coleta de Informa\u00e7\u00f5es<\/h2><p data-start=\"1332\" data-end=\"1380\">Coletamos informa\u00e7\u00f5es de duas formas principais:<\/p><h3 data-start=\"1382\" data-end=\"1427\">a) Informa\u00e7\u00f5es fornecidas voluntariamente<\/h3><p data-start=\"1428\" data-end=\"1445\">Quando o usu\u00e1rio:<\/p><ul data-start=\"1446\" data-end=\"1628\"><li data-start=\"1446\" data-end=\"1503\"><p data-start=\"1448\" data-end=\"1503\">Entra em contato por e-mail ou formul\u00e1rio de contato;<\/p><\/li><li data-start=\"1504\" data-end=\"1573\"><p data-start=\"1506\" data-end=\"1573\">Participa de enquetes, coment\u00e1rios ou cadastros para newsletters;<\/p><\/li><li data-start=\"1574\" data-end=\"1628\"><p data-start=\"1576\" data-end=\"1628\">Preenche formul\u00e1rios em p\u00e1ginas espec\u00edficas do site.<\/p><\/li><\/ul><p data-start=\"1630\" data-end=\"1695\">Essas informa\u00e7\u00f5es podem incluir: nome, e-mail, telefone e cidade.<\/p><h3 data-start=\"1697\" data-end=\"1741\">b) Informa\u00e7\u00f5es coletadas automaticamente<\/h3><p data-start=\"1742\" data-end=\"1817\">Durante a navega\u00e7\u00e3o, s\u00e3o coletados dados t\u00e9cnicos e de comportamento, como:<\/p><ul data-start=\"1818\" data-end=\"1953\"><li data-start=\"1818\" data-end=\"1867\"><p data-start=\"1820\" data-end=\"1867\">Endere\u00e7o IP, tipo de navegador e dispositivo;<\/p><\/li><li data-start=\"1868\" data-end=\"1913\"><p data-start=\"1870\" data-end=\"1913\">P\u00e1ginas acessadas e tempo de perman\u00eancia;<\/p><\/li><li data-start=\"1914\" data-end=\"1953\"><p data-start=\"1916\" data-end=\"1953\">Cookies e identificadores an\u00f4nimos.<\/p><\/li><\/ul><p data-start=\"1955\" data-end=\"2018\">Esses dados s\u00e3o coletados automaticamente por ferramentas como:<\/p><ul data-start=\"2019\" data-end=\"2194\"><li data-start=\"2019\" data-end=\"2080\"><p data-start=\"2021\" data-end=\"2080\"><strong data-start=\"2021\" data-end=\"2041\">Google Analytics<\/strong> (an\u00e1lise de tr\u00e1fego e comportamento)<\/p><\/li><li data-start=\"2081\" data-end=\"2141\"><p data-start=\"2083\" data-end=\"2141\"><strong data-start=\"2083\" data-end=\"2101\">Google AdSense<\/strong> (exibi\u00e7\u00e3o de an\u00fancios personalizados)<\/p><\/li><li data-start=\"2142\" data-end=\"2194\"><p data-start=\"2144\" data-end=\"2194\"><strong data-start=\"2144\" data-end=\"2169\">Google Search Console<\/strong> (desempenho de pesquisa)<\/p><\/li><\/ul><hr data-start=\"2196\" data-end=\"2199\" \/><h2 data-start=\"2201\" data-end=\"2224\">3. Uso de Cookies<\/h2><p data-start=\"2226\" data-end=\"2365\">O <strong data-start=\"2228\" data-end=\"2252\">Portal Mais Dinheiro<\/strong> utiliza <strong data-start=\"2261\" data-end=\"2272\">cookies<\/strong> para melhorar a experi\u00eancia do usu\u00e1rio, personalizar conte\u00fados e exibir an\u00fancios relevantes.<\/p><h3 data-start=\"2367\" data-end=\"2389\">O que s\u00e3o cookies?<\/h3><p data-start=\"2390\" data-end=\"2530\">Cookies s\u00e3o pequenos arquivos armazenados no seu navegador que ajudam o site a reconhecer o usu\u00e1rio e oferecer uma navega\u00e7\u00e3o mais eficiente.<\/p><h3 data-start=\"2532\" data-end=\"2564\">Tipos de cookies utilizados:<\/h3><ul data-start=\"2565\" data-end=\"2884\"><li data-start=\"2565\" data-end=\"2633\"><p data-start=\"2567\" data-end=\"2633\"><strong data-start=\"2567\" data-end=\"2590\">Cookies essenciais:<\/strong> garantem o funcionamento b\u00e1sico do site.<\/p><\/li><li data-start=\"2634\" data-end=\"2716\"><p data-start=\"2636\" data-end=\"2716\"><strong data-start=\"2636\" data-end=\"2662\">Cookies de desempenho:<\/strong> analisam o uso do site para melhorar a experi\u00eancia.<\/p><\/li><li data-start=\"2717\" data-end=\"2884\"><p data-start=\"2719\" data-end=\"2884\"><strong data-start=\"2719\" data-end=\"2746\">Cookies de publicidade:<\/strong> utilizados por plataformas como o <strong data-start=\"2781\" data-end=\"2799\">Google AdSense<\/strong> para exibir an\u00fancios personalizados com base em interesses e hist\u00f3rico de navega\u00e7\u00e3o.<\/p><\/li><\/ul><p data-start=\"2886\" data-end=\"3000\">O usu\u00e1rio pode, a qualquer momento, <strong data-start=\"2922\" data-end=\"2956\">gerenciar ou desativar cookies<\/strong> diretamente nas configura\u00e7\u00f5es do navegador.<\/p><hr data-start=\"3002\" data-end=\"3005\" \/><h2 data-start=\"3007\" data-end=\"3045\">4. Uso das Informa\u00e7\u00f5es Coletadas<\/h2><p data-start=\"3047\" data-end=\"3092\">As informa\u00e7\u00f5es coletadas s\u00e3o utilizadas para:<\/p><ul data-start=\"3094\" data-end=\"3373\"><li data-start=\"3094\" data-end=\"3142\"><p data-start=\"3096\" data-end=\"3142\">Melhorar a navega\u00e7\u00e3o e o desempenho do site;<\/p><\/li><li data-start=\"3143\" data-end=\"3194\"><p data-start=\"3145\" data-end=\"3194\">Personalizar o conte\u00fado e os an\u00fancios exibidos;<\/p><\/li><li data-start=\"3195\" data-end=\"3254\"><p data-start=\"3197\" data-end=\"3254\">Analisar m\u00e9tricas de acesso e comportamento de leitura;<\/p><\/li><li data-start=\"3255\" data-end=\"3322\"><p data-start=\"3257\" data-end=\"3322\">Enviar comunica\u00e7\u00f5es relevantes (mediante consentimento pr\u00e9vio);<\/p><\/li><li data-start=\"3323\" data-end=\"3373\"><p data-start=\"3325\" data-end=\"3373\">Garantir a seguran\u00e7a do site e prevenir fraudes.<\/p><\/li><\/ul><p data-start=\"3375\" data-end=\"3514\">O <strong data-start=\"3377\" data-end=\"3401\">Portal Mais Dinheiro<\/strong> <strong data-start=\"3402\" data-end=\"3437\">n\u00e3o vende, aluga ou compartilha<\/strong> dados pessoais com terceiros sem autoriza\u00e7\u00e3o, exceto quando exigido por lei.<\/p><hr data-start=\"3516\" data-end=\"3519\" \/><h2 data-start=\"3521\" data-end=\"3553\">5. Publicidade e Parcerias<\/h2><p data-start=\"3555\" data-end=\"3694\">O site exibe <strong data-start=\"3568\" data-end=\"3618\">an\u00fancios de parceiros e programas de afiliados<\/strong>, incluindo o <strong data-start=\"3632\" data-end=\"3650\">Google AdSense<\/strong> e outros sistemas de publicidade digital.<\/p><p data-start=\"3696\" data-end=\"3860\">Essas plataformas podem usar <strong data-start=\"3725\" data-end=\"3757\">cookies e dados de navega\u00e7\u00e3o<\/strong> para personalizar os an\u00fancios exibidos ao usu\u00e1rio, com base em seus interesses e comportamento online.<\/p><p data-start=\"3862\" data-end=\"4002\">\u00a0<\/p><h2 data-start=\"4009\" data-end=\"4032\">6. Links Externos<\/h2><p data-start=\"4034\" data-end=\"4205\">O <strong data-start=\"4036\" data-end=\"4060\">Portal Mais Dinheiro<\/strong> pode conter links para sites de terceiros.<br data-start=\"4103\" data-end=\"4106\" \/>N\u00e3o somos respons\u00e1veis pelo conte\u00fado, pol\u00edticas de privacidade ou pr\u00e1ticas desses sites externos.<\/p><p data-start=\"4207\" data-end=\"4317\">Recomendamos que o usu\u00e1rio leia as pol\u00edticas de privacidade de cada site que visitar a partir de nossos links.<\/p><hr data-start=\"4319\" data-end=\"4322\" \/><h2 data-start=\"4324\" data-end=\"4359\">7. Direitos do Usu\u00e1rio (LGPD)<\/h2><p data-start=\"4361\" data-end=\"4488\">Em conformidade com a <strong data-start=\"4383\" data-end=\"4447\">Lei n\u00ba 13.709\/2018 (Lei Geral de Prote\u00e7\u00e3o de Dados Pessoais)<\/strong>, o usu\u00e1rio possui os seguintes direitos:<\/p><ul data-start=\"4490\" data-end=\"4807\"><li data-start=\"4490\" data-end=\"4553\"><p data-start=\"4492\" data-end=\"4553\"><strong data-start=\"4492\" data-end=\"4551\">Confirmar a exist\u00eancia de tratamento de dados pessoais;<\/strong><\/p><\/li><li data-start=\"4554\" data-end=\"4617\"><p data-start=\"4556\" data-end=\"4617\"><strong data-start=\"4556\" data-end=\"4615\">Solicitar o acesso, corre\u00e7\u00e3o ou exclus\u00e3o de seus dados;<\/strong><\/p><\/li><li data-start=\"4618\" data-end=\"4674\"><p data-start=\"4620\" data-end=\"4674\"><strong data-start=\"4620\" data-end=\"4672\">Revogar o consentimento para uso de informa\u00e7\u00f5es;<\/strong><\/p><\/li><li data-start=\"4675\" data-end=\"4734\"><p data-start=\"4677\" data-end=\"4734\"><strong data-start=\"4677\" data-end=\"4732\">Solicitar a portabilidade ou anonimiza\u00e7\u00e3o de dados;<\/strong><\/p><\/li><li data-start=\"4735\" data-end=\"4807\"><p data-start=\"4737\" data-end=\"4807\"><strong data-start=\"4737\" data-end=\"4807\">Obter informa\u00e7\u00f5es sobre o compartilhamento de dados com terceiros.<\/strong><\/p><\/li><\/ul><p data-start=\"4809\" data-end=\"4919\">Para exercer seus direitos, basta enviar uma solicita\u00e7\u00e3o ao e-mail:<br data-start=\"4876\" data-end=\"4879\" \/><img decoding=\"async\" class=\"emoji\" role=\"img\" draggable=\"false\" src=\"https:\/\/s.w.org\/images\/core\/emoji\/16.0.1\/svg\/1f4e7.svg\" alt=\"\ud83d\udce7\" \/> <strong data-start=\"4882\" data-end=\"4919\"><a class=\"decorated-link cursor-pointer\" rel=\"noopener\" data-start=\"4884\" data-end=\"4917\">contato@lojadesites.com.br<\/a><\/strong><\/p><hr data-start=\"4921\" data-end=\"4924\" \/><h2 data-start=\"4926\" data-end=\"4976\">8. Armazenamento e Seguran\u00e7a das Informa\u00e7\u00f5es<\/h2><p data-start=\"4978\" data-end=\"5097\">Os dados pessoais s\u00e3o armazenados de forma segura, utilizando <strong data-start=\"5040\" data-end=\"5094\">protocolos de criptografia e servidores protegidos<\/strong>.<\/p><p data-start=\"5099\" data-end=\"5244\">Empregamos medidas t\u00e9cnicas e administrativas adequadas para evitar <strong data-start=\"5167\" data-end=\"5233\">acesso n\u00e3o autorizado, perda, altera\u00e7\u00e3o ou divulga\u00e7\u00e3o indevida<\/strong> dos dados.<\/p><p data-start=\"5246\" data-end=\"5451\">Entretanto, o <strong data-start=\"5260\" data-end=\"5284\">Portal Mais Dinheiro<\/strong> n\u00e3o pode garantir seguran\u00e7a absoluta contra todos os tipos de ataques cibern\u00e9ticos, mas compromete-se a adotar todas as medidas cab\u00edveis para proteger as informa\u00e7\u00f5es.<\/p><hr data-start=\"5453\" data-end=\"5456\" \/><h2 data-start=\"5458\" data-end=\"5495\">9. Reten\u00e7\u00e3o e Exclus\u00e3o de Dados<\/h2><p data-start=\"5497\" data-end=\"5564\">Os dados pessoais ser\u00e3o mantidos apenas pelo tempo necess\u00e1rio para:<\/p><ul data-start=\"5565\" data-end=\"5738\"><li data-start=\"5565\" data-end=\"5617\"><p data-start=\"5567\" data-end=\"5617\">Cumprir as finalidades descritas nesta pol\u00edtica;<\/p><\/li><li data-start=\"5618\" data-end=\"5664\"><p data-start=\"5620\" data-end=\"5664\">Atender obriga\u00e7\u00f5es legais ou regulat\u00f3rias;<\/p><\/li><li data-start=\"5665\" data-end=\"5738\"><p data-start=\"5667\" data-end=\"5738\">Preservar direitos em eventuais processos judiciais ou administrativos.<\/p><\/li><\/ul><p data-start=\"5740\" data-end=\"5820\">Ap\u00f3s esse per\u00edodo, os dados ser\u00e3o <strong data-start=\"5774\" data-end=\"5819\">exclu\u00eddos ou anonimizados de forma segura<\/strong>.<\/p><hr data-start=\"5822\" data-end=\"5825\" \/><h2 data-start=\"5827\" data-end=\"5864\">10. Atualiza\u00e7\u00f5es desta Pol\u00edtica<\/h2><p data-start=\"5866\" data-end=\"6084\">O <strong data-start=\"5868\" data-end=\"5892\">Portal Mais Dinheiro<\/strong> poder\u00e1 atualizar esta Pol\u00edtica de Privacidade periodicamente, com ou sem aviso pr\u00e9vio, para refletir mudan\u00e7as nas pr\u00e1ticas de uso de dados, exig\u00eancias legais ou novas funcionalidades do site.<\/p><p data-start=\"6086\" data-end=\"6172\">Recomendamos que o usu\u00e1rio consulte esta p\u00e1gina regularmente para manter-se informado.<\/p><p data-start=\"6174\" data-end=\"6222\"><strong data-start=\"6174\" data-end=\"6205\">Data da \u00faltima atualiza\u00e7\u00e3o:<\/strong> Outubro de 2025.<\/p><hr data-start=\"6224\" data-end=\"6227\" \/><h2 data-start=\"6229\" data-end=\"6246\">11. Contato<\/h2><p data-start=\"6248\" data-end=\"6369\">Se voc\u00ea tiver d\u00favidas, coment\u00e1rios ou solicita\u00e7\u00f5es relacionadas a esta Pol\u00edtica de Privacidade, entre em contato conosco:<\/p><p data-start=\"6371\" data-end=\"6454\"><img decoding=\"async\" class=\"emoji\" role=\"img\" draggable=\"false\" src=\"https:\/\/s.w.org\/images\/core\/emoji\/16.0.1\/svg\/1f4e7.svg\" alt=\"\ud83d\udce7\" \/> <strong data-start=\"6374\" data-end=\"6411\"><a class=\"decorated-link cursor-pointer\" rel=\"noopener\" data-start=\"6376\" data-end=\"6409\">contato@lojadesites.com.br<\/a><\/strong><br data-start=\"6411\" data-end=\"6414\" \/><img decoding=\"async\" class=\"emoji\" role=\"img\" draggable=\"false\" src=\"https:\/\/s.w.org\/images\/core\/emoji\/16.0.1\/svg\/1f310.svg\" alt=\"\ud83c\udf10\" \/> <strong data-start=\"6417\" data-end=\"6454\"><a class=\"decorated-link\" href=\"https:\/\/lojadesites.com.br\/vidros\" target=\"_new\" rel=\"noopener\" data-start=\"6419\" data-end=\"6452\">https:\/\/lojadesites.com.br\/vidros<\/a><\/strong><\/p><hr data-start=\"6456\" data-end=\"6459\" \/><h3 data-start=\"6461\" data-end=\"6499\">Compromisso com a Transpar\u00eancia<\/h3><p data-start=\"6501\" data-end=\"6682\">O <strong data-start=\"6503\" data-end=\"6527\">Portal Mais Dinheiro<\/strong> reafirma seu compromisso em <strong data-start=\"6556\" data-end=\"6584\">proteger sua privacidade<\/strong>, <strong data-start=\"6586\" data-end=\"6610\">respeitar seus dados<\/strong> e <strong data-start=\"6613\" data-end=\"6681\">oferecer conte\u00fado educativo de forma \u00e9tica, segura e respons\u00e1vel<\/strong>.<\/p><p data-start=\"6684\" data-end=\"6739\"><strong data-start=\"6687\" data-end=\"6739\">Portal Mais Dinheiro \u2014 Informa\u00e7\u00e3o que Vale Ouro.<\/strong><\/p>\t\t\t\t\t\t\t\t<\/div>\n\t\t\t\t<\/div>\n\t\t\t\t\t<\/div>\n\t\t<\/div>\n\t\t\t\t\t<\/div>\n\t\t<\/section>\n\t\t\t\t<\/div>\n\t\t","protected":false},"excerpt":{"rendered":"<p>Pol\u00edtica de Privacidade \u2014 Portal Mais Dinheiro A Pol\u00edtica de Privacidade do Portal Mais Dinheiro foi criada para reafirmar nosso compromisso com a seguran\u00e7a, privacidade e transpar\u00eancia no tratamento das informa\u00e7\u00f5es pessoais dos usu\u00e1rios que acessam o site https:\/\/lojadesites.com.br\/vidros. Ao navegar em nosso site, voc\u00ea concorda com os termos desta Pol\u00edtica de Privacidade. Caso n\u00e3o [&hellip;]<\/p>\n","protected":false},"author":1,"featured_media":0,"parent":0,"menu_order":0,"comment_status":"closed","ping_status":"closed","template":"","meta":{"footnotes":""},"class_list":["post-3","page","type-page","status-publish","hentry"],"_links":{"self":[{"href":"https:\/\/lojadesites.com.br\/vidros\/wp-json\/wp\/v2\/pages\/3","targetHints":{"allow":["GET"]}}],"collection":[{"href":"https:\/\/lojadesites.com.br\/vidros\/wp-json\/wp\/v2\/pages"}],"about":[{"href":"https:\/\/lojadesites.com.br\/vidros\/wp-json\/wp\/v2\/types\/page"}],"author":[{"embeddable":true,"href":"https:\/\/lojadesites.com.br\/vidros\/wp-json\/wp\/v2\/users\/1"}],"replies":[{"embeddable":true,"href":"https:\/\/lojadesites.com.br\/vidros\/wp-json\/wp\/v2\/comments?post=3"}],"version-history":[{"count":0,"href":"https:\/\/lojadesites.com.br\/vidros\/wp-json\/wp\/v2\/pages\/3\/revisions"}],"wp:attachment":[{"href":"https:\/\/lojadesites.com.br\/vidros\/wp-json\/wp\/v2\/media?parent=3"}],"curies":[{"name":"wp","href":"https:\/\/api.w.org\/{rel}","templated":true}]}}