{"id":1731,"date":"2025-10-25T16:45:52","date_gmt":"2025-10-25T20:45:52","guid":{"rendered":"https:\/\/lojadesites.com.br\/logistica\/?page_id=1731"},"modified":"2025-10-25T17:01:47","modified_gmt":"2025-10-25T21:01:47","slug":"movimentacao-de-cargas","status":"publish","type":"page","link":"https:\/\/lojadesites.com.br\/logistica\/movimentacao-de-cargas\/","title":{"rendered":"Movimenta\u00e7\u00e3o de Cargas"},"content":{"rendered":"<div data-elementor-type=\"wp-page\" data-elementor-id=\"1731\" class=\"elementor elementor-1731\" data-elementor-post-type=\"page\">\n\t\t\t\t\t\t<section class=\"elementor-section elementor-top-section elementor-element elementor-element-9148e66 elementor-section-height-min-height elementor-section-stretched elementor-section-boxed elementor-section-height-default elementor-section-items-middle\" data-id=\"9148e66\" data-element_type=\"section\" data-e-type=\"section\" data-settings=\"{&quot;stretch_section&quot;:&quot;section-stretched&quot;,&quot;background_background&quot;:&quot;classic&quot;}\">\n\t\t\t\t\t\t\t<div class=\"elementor-background-overlay\"><\/div>\n\t\t\t\t\t\t\t<div class=\"elementor-container elementor-column-gap-default\">\n\t\t\t\t\t<div class=\"elementor-column elementor-col-100 elementor-top-column elementor-element elementor-element-b048803\" data-id=\"b048803\" data-element_type=\"column\" data-e-type=\"column\">\n\t\t\t<div class=\"elementor-widget-wrap\">\n\t\t\t\t\t\t\t<\/div>\n\t\t<\/div>\n\t\t\t\t\t<\/div>\n\t\t<\/section>\n\t\t\t\t<section class=\"elementor-section elementor-top-section elementor-element elementor-element-369ed4b elementor-section-boxed elementor-section-height-default elementor-section-height-default\" data-id=\"369ed4b\" data-element_type=\"section\" data-e-type=\"section\">\n\t\t\t\t\t\t<div class=\"elementor-container elementor-column-gap-default\">\n\t\t\t\t\t<div class=\"elementor-column elementor-col-50 elementor-top-column elementor-element elementor-element-5c9ca28\" data-id=\"5c9ca28\" data-element_type=\"column\" data-e-type=\"column\" data-settings=\"{&quot;background_background&quot;:&quot;classic&quot;}\">\n\t\t\t<div class=\"elementor-widget-wrap elementor-element-populated\">\n\t\t\t\t\t\t<div class=\"elementor-element elementor-element-7b41462 elementor-widget elementor-widget-image\" data-id=\"7b41462\" data-element_type=\"widget\" data-e-type=\"widget\" data-widget_type=\"image.default\">\n\t\t\t\t<div class=\"elementor-widget-container\">\n\t\t\t\t\t\t\t\t\t\t\t\t\t\t\t<img fetchpriority=\"high\" decoding=\"async\" width=\"600\" height=\"900\" src=\"https:\/\/lojadesites.com.br\/logistica\/wp-content\/uploads\/2025\/10\/forklift.jpg\" class=\"attachment-large size-large wp-image-1560\" alt=\"\" srcset=\"https:\/\/lojadesites.com.br\/logistica\/wp-content\/uploads\/2025\/10\/forklift.jpg 600w,  https:\/\/lojadesites.com.br\/logistica\/wp-content\/uploads\/2025\/10\/forklift-200x300.jpg 200w\" sizes=\"(max-width: 600px) 100vw, 600px\" \/>\t\t\t\t\t\t\t\t\t\t\t\t\t\t\t<\/div>\n\t\t\t\t<\/div>\n\t\t\t\t\t<\/div>\n\t\t<\/div>\n\t\t\t\t<div class=\"elementor-column elementor-col-50 elementor-top-column elementor-element elementor-element-698ee09\" data-id=\"698ee09\" data-element_type=\"column\" data-e-type=\"column\" data-settings=\"{&quot;background_background&quot;:&quot;classic&quot;}\">\n\t\t\t<div class=\"elementor-widget-wrap elementor-element-populated\">\n\t\t\t\t\t\t<div class=\"elementor-element elementor-element-eb53d1f elementor-widget elementor-widget-heading\" data-id=\"eb53d1f\" data-element_type=\"widget\" data-e-type=\"widget\" data-widget_type=\"heading.default\">\n\t\t\t\t<div class=\"elementor-widget-container\">\n\t\t\t\t\t<h2 class=\"elementor-heading-title elementor-size-default\">Movimenta\u00e7\u00f5es de Cargas Porta a Porta e Porta a Porto<\/h2>\t\t\t\t<\/div>\n\t\t\t\t<\/div>\n\t\t\t\t<div class=\"elementor-element elementor-element-03c92d0 elementor-widget elementor-widget-text-editor\" data-id=\"03c92d0\" data-element_type=\"widget\" data-e-type=\"widget\" data-widget_type=\"text-editor.default\">\n\t\t\t\t<div class=\"elementor-widget-container\">\n\t\t\t\t\t\t\t\t\t<p data-start=\"186\" data-end=\"520\">A Transguia Mudan\u00e7as e Log\u00edstica oferece solu\u00e7\u00f5es seguras e eficientes para o transporte de ve\u00edculos em todo o Norte do Brasil. Com uma opera\u00e7\u00e3o estruturada e experi\u00eancia consolidada no segmento log\u00edstico, garantimos o deslocamento de autom\u00f3veis, motos, utilit\u00e1rios e ve\u00edculos de frota com total seguran\u00e7a, pontualidade e integridade.<\/p><p data-start=\"522\" data-end=\"839\">Atendemos pessoas f\u00edsicas, empresas e concession\u00e1rias, com servi\u00e7os personalizados que se adaptam \u00e0s necessidades espec\u00edficas de cada cliente. Utilizamos equipamentos adequados e seguimos rigorosos protocolos de manuseio, transporte e entrega, assegurando que o ve\u00edculo chegue ao destino final em perfeitas condi\u00e7\u00f5es.<\/p><p data-start=\"841\" data-end=\"1015\">Nossa atua\u00e7\u00e3o abrange rotas terrestres e fluviais, conectando as principais cidades da regi\u00e3o amaz\u00f4nica com intelig\u00eancia log\u00edstica e compromisso com a excel\u00eancia operacional.<\/p><p data-start=\"1017\" data-end=\"1103\"><strong data-start=\"1017\" data-end=\"1103\">Transporte com confian\u00e7a, agilidade e responsabilidade. Esse \u00e9 o padr\u00e3o Transguia.<\/strong><\/p>\t\t\t\t\t\t\t\t<\/div>\n\t\t\t\t<\/div>\n\t\t\t\t\t<\/div>\n\t\t<\/div>\n\t\t\t\t\t<\/div>\n\t\t<\/section>\n\t\t\t\t<\/div>","protected":false},"excerpt":{"rendered":"<p>Movimenta\u00e7\u00f5es de Cargas Porta a Porta e Porta a Porto A Transguia Mudan\u00e7as e Log\u00edstica oferece solu\u00e7\u00f5es seguras e eficientes para o transporte de ve\u00edculos em todo o Norte do Brasil. Com uma opera\u00e7\u00e3o estruturada e experi\u00eancia consolidada no segmento log\u00edstico, garantimos o deslocamento de autom\u00f3veis, motos, utilit\u00e1rios e ve\u00edculos de frota com total seguran\u00e7a, [&hellip;]<\/p>","protected":false},"author":1,"featured_media":1733,"parent":0,"menu_order":0,"comment_status":"closed","ping_status":"closed","template":"","meta":{"footnotes":""},"class_list":["post-1731","page","type-page","status-publish","has-post-thumbnail","hentry"],"_links":{"self":[{"href":"https:\/\/lojadesites.com.br\/logistica\/wp-json\/wp\/v2\/pages\/1731","targetHints":{"allow":["GET"]}}],"collection":[{"href":"https:\/\/lojadesites.com.br\/logistica\/wp-json\/wp\/v2\/pages"}],"about":[{"href":"https:\/\/lojadesites.com.br\/logistica\/wp-json\/wp\/v2\/types\/page"}],"author":[{"embeddable":true,"href":"https:\/\/lojadesites.com.br\/logistica\/wp-json\/wp\/v2\/users\/1"}],"replies":[{"embeddable":true,"href":"https:\/\/lojadesites.com.br\/logistica\/wp-json\/wp\/v2\/comments?post=1731"}],"version-history":[{"count":4,"href":"https:\/\/lojadesites.com.br\/logistica\/wp-json\/wp\/v2\/pages\/1731\/revisions"}],"predecessor-version":[{"id":1751,"href":"https:\/\/lojadesites.com.br\/logistica\/wp-json\/wp\/v2\/pages\/1731\/revisions\/1751"}],"wp:featuredmedia":[{"embeddable":true,"href":"https:\/\/lojadesites.com.br\/logistica\/wp-json\/wp\/v2\/media\/1733"}],"wp:attachment":[{"href":"https:\/\/lojadesites.com.br\/logistica\/wp-json\/wp\/v2\/media?parent=1731"}],"curies":[{"name":"wp","href":"https:\/\/api.w.org\/{rel}","templated":true}]}}