{"id":1721,"date":"2025-10-25T16:33:37","date_gmt":"2025-10-25T20:33:37","guid":{"rendered":"https:\/\/lojadesites.com.br\/logistica\/?page_id=1721"},"modified":"2025-10-25T16:38:37","modified_gmt":"2025-10-25T20:38:37","slug":"icamento-de-cargas","status":"publish","type":"page","link":"https:\/\/lojadesites.com.br\/logistica\/icamento-de-cargas\/","title":{"rendered":"I\u00e7amento de Cargas"},"content":{"rendered":"<div data-elementor-type=\"wp-page\" data-elementor-id=\"1721\" class=\"elementor elementor-1721\" data-elementor-post-type=\"page\">\n\t\t\t\t<div class=\"elementor-element elementor-element-2e63abb e-flex e-con-boxed e-con e-parent\" data-id=\"2e63abb\" data-element_type=\"container\" data-e-type=\"container\" data-settings=\"{&quot;background_background&quot;:&quot;classic&quot;}\">\n\t\t\t\t\t<div class=\"e-con-inner\">\n\t\t<div class=\"elementor-element elementor-element-8914248 e-con-full e-flex e-con e-child\" data-id=\"8914248\" data-element_type=\"container\" data-e-type=\"container\">\n\t\t\t\t<div class=\"elementor-element elementor-element-9ff58a7 elementor-widget elementor-widget-heading\" data-id=\"9ff58a7\" data-element_type=\"widget\" data-e-type=\"widget\" data-widget_type=\"heading.default\">\n\t\t\t\t<div class=\"elementor-widget-container\">\n\t\t\t\t\t<h3 class=\"elementor-heading-title elementor-size-default\">I\u00e7amento de Cargas<\/h3>\t\t\t\t<\/div>\n\t\t\t\t<\/div>\n\t\t\t\t<\/div>\n\t\t\t\t\t<\/div>\n\t\t\t\t<\/div>\n\t\t\t\t<section class=\"elementor-section elementor-top-section elementor-element elementor-element-12fb703 elementor-section-boxed elementor-section-height-default elementor-section-height-default\" data-id=\"12fb703\" data-element_type=\"section\" data-e-type=\"section\">\n\t\t\t\t\t\t<div class=\"elementor-container elementor-column-gap-default\">\n\t\t\t\t\t<div class=\"elementor-column elementor-col-50 elementor-top-column elementor-element elementor-element-6c1333c\" data-id=\"6c1333c\" data-element_type=\"column\" data-e-type=\"column\" data-settings=\"{&quot;background_background&quot;:&quot;classic&quot;}\">\n\t\t\t<div class=\"elementor-widget-wrap elementor-element-populated\">\n\t\t\t\t\t\t<div class=\"elementor-element elementor-element-aa8f35a elementor-widget elementor-widget-image\" data-id=\"aa8f35a\" data-element_type=\"widget\" data-e-type=\"widget\" data-widget_type=\"image.default\">\n\t\t\t\t<div class=\"elementor-widget-container\">\n\t\t\t\t\t\t\t\t\t\t\t\t\t\t\t<img fetchpriority=\"high\" decoding=\"async\" width=\"600\" height=\"900\" src=\"https:\/\/lojadesites.com.br\/logistica\/wp-content\/uploads\/2025\/10\/Icamento-de-Cargas.jpg\" class=\"attachment-large size-large wp-image-1726\" alt=\"I\u00e7amento de Cargas\" srcset=\"https:\/\/lojadesites.com.br\/logistica\/wp-content\/uploads\/2025\/10\/Icamento-de-Cargas.jpg 600w,  https:\/\/lojadesites.com.br\/logistica\/wp-content\/uploads\/2025\/10\/Icamento-de-Cargas-200x300.jpg 200w\" sizes=\"(max-width: 600px) 100vw, 600px\" \/>\t\t\t\t\t\t\t\t\t\t\t\t\t\t\t<\/div>\n\t\t\t\t<\/div>\n\t\t\t\t\t<\/div>\n\t\t<\/div>\n\t\t\t\t<div class=\"elementor-column elementor-col-50 elementor-top-column elementor-element elementor-element-ddea703\" data-id=\"ddea703\" data-element_type=\"column\" data-e-type=\"column\" data-settings=\"{&quot;background_background&quot;:&quot;classic&quot;}\">\n\t\t\t<div class=\"elementor-widget-wrap elementor-element-populated\">\n\t\t\t\t\t\t<div class=\"elementor-element elementor-element-07c0eae elementor-widget elementor-widget-heading\" data-id=\"07c0eae\" data-element_type=\"widget\" data-e-type=\"widget\" data-widget_type=\"heading.default\">\n\t\t\t\t<div class=\"elementor-widget-container\">\n\t\t\t\t\t<h2 class=\"elementor-heading-title elementor-size-default\">I\u00e7amento de Cargas<\/h2>\t\t\t\t<\/div>\n\t\t\t\t<\/div>\n\t\t\t\t<div class=\"elementor-element elementor-element-14bfdb9 elementor-widget elementor-widget-text-editor\" data-id=\"14bfdb9\" data-element_type=\"widget\" data-e-type=\"widget\" data-widget_type=\"text-editor.default\">\n\t\t\t\t<div class=\"elementor-widget-container\">\n\t\t\t\t\t\t\t\t\t<p>Para mudan\u00e7as residenciais, contamos com uma equipe especializada em montagem e desmontagem. Realizamos mudan\u00e7as com os mais modernos materiais de embalagem para garantir a integridade de sua mudan\u00e7a. Os itens s\u00e3o embalados de acordo com a sua caracter\u00edstica, utilizamos: palpel kraft, papel\u00e3o ondulado, pl\u00e1stico bolha, caixa de papel\u00e3o, etc.<\/p><p>Para mudan\u00e7as comerciais, a prepara\u00e7\u00e3o da mudan\u00e7a \u00e9 projetada de acordo com o layout definitivo para garantir uma mudan\u00e7a segura e organizada, mantendo o ritmo de sua empresa.Contamos com equipe altamente treinada e especializada para os servi\u00e7os de embalagem e etiquetagem de documentos, livros, equipamentos e mobili\u00e1rios.<\/p><p>Estamos preparados para respostas r\u00e1pidas na entrega e coleta de materiais com datas e hor\u00e1rios programados. Nossa localiza\u00e7\u00e3o privilegiada, no Distrito Industrial de Manaus nos permite atender com maior agilidade toda a regi\u00e3o metropolitana.<\/p><p>Estamos preparados para realizar mudan\u00e7as especiais e de objetos sens\u00edveis como: Piano, Obras de Arte, Quadro, etc. Os objetos s\u00e3o embalados com os mais modernos materiais para manter sua integridade.<\/p>\t\t\t\t\t\t\t\t<\/div>\n\t\t\t\t<\/div>\n\t\t\t\t\t<\/div>\n\t\t<\/div>\n\t\t\t\t\t<\/div>\n\t\t<\/section>\n\t\t\t\t<\/div>","protected":false},"excerpt":{"rendered":"<p>I\u00e7amento de Cargas Para mudan\u00e7as residenciais, contamos com uma equipe especializada em montagem e desmontagem. Realizamos mudan\u00e7as com os mais modernos materiais de embalagem para garantir a integridade de sua mudan\u00e7a. Os itens s\u00e3o embalados de acordo com a sua caracter\u00edstica, utilizamos: palpel kraft, papel\u00e3o ondulado, pl\u00e1stico bolha, caixa de papel\u00e3o, etc. Para mudan\u00e7as comerciais, [&hellip;]<\/p>","protected":false},"author":1,"featured_media":1723,"parent":0,"menu_order":0,"comment_status":"closed","ping_status":"closed","template":"","meta":{"footnotes":""},"class_list":["post-1721","page","type-page","status-publish","has-post-thumbnail","hentry"],"_links":{"self":[{"href":"https:\/\/lojadesites.com.br\/logistica\/wp-json\/wp\/v2\/pages\/1721","targetHints":{"allow":["GET"]}}],"collection":[{"href":"https:\/\/lojadesites.com.br\/logistica\/wp-json\/wp\/v2\/pages"}],"about":[{"href":"https:\/\/lojadesites.com.br\/logistica\/wp-json\/wp\/v2\/types\/page"}],"author":[{"embeddable":true,"href":"https:\/\/lojadesites.com.br\/logistica\/wp-json\/wp\/v2\/users\/1"}],"replies":[{"embeddable":true,"href":"https:\/\/lojadesites.com.br\/logistica\/wp-json\/wp\/v2\/comments?post=1721"}],"version-history":[{"count":4,"href":"https:\/\/lojadesites.com.br\/logistica\/wp-json\/wp\/v2\/pages\/1721\/revisions"}],"predecessor-version":[{"id":1729,"href":"https:\/\/lojadesites.com.br\/logistica\/wp-json\/wp\/v2\/pages\/1721\/revisions\/1729"}],"wp:featuredmedia":[{"embeddable":true,"href":"https:\/\/lojadesites.com.br\/logistica\/wp-json\/wp\/v2\/media\/1723"}],"wp:attachment":[{"href":"https:\/\/lojadesites.com.br\/logistica\/wp-json\/wp\/v2\/media?parent=1721"}],"curies":[{"name":"wp","href":"https:\/\/api.w.org\/{rel}","templated":true}]}}