{"id":14,"date":"2017-05-25T09:11:27","date_gmt":"2017-05-25T12:11:27","guid":{"rendered":"https:\/\/lojadesites.com.br\/logistica\/?page_id=14"},"modified":"2025-10-25T16:50:49","modified_gmt":"2025-10-25T20:50:49","slug":"transporte-de-cargas","status":"publish","type":"page","link":"https:\/\/lojadesites.com.br\/logistica\/transporte-de-cargas\/","title":{"rendered":"Transporte de Cargas"},"content":{"rendered":"<div data-elementor-type=\"wp-page\" data-elementor-id=\"14\" class=\"elementor elementor-14\" data-elementor-post-type=\"page\">\n\t\t\t\t\t\t<section class=\"elementor-section elementor-top-section elementor-element elementor-element-f0dac42 elementor-section-height-min-height elementor-section-stretched elementor-section-boxed elementor-section-height-default elementor-section-items-middle\" data-id=\"f0dac42\" data-element_type=\"section\" data-e-type=\"section\" data-settings=\"{&quot;stretch_section&quot;:&quot;section-stretched&quot;,&quot;background_background&quot;:&quot;classic&quot;}\">\n\t\t\t\t\t\t\t<div class=\"elementor-background-overlay\"><\/div>\n\t\t\t\t\t\t\t<div class=\"elementor-container elementor-column-gap-default\">\n\t\t\t\t\t<div class=\"elementor-column elementor-col-100 elementor-top-column elementor-element elementor-element-a8aac48\" data-id=\"a8aac48\" data-element_type=\"column\" data-e-type=\"column\">\n\t\t\t<div class=\"elementor-widget-wrap\">\n\t\t\t\t\t\t\t<\/div>\n\t\t<\/div>\n\t\t\t\t\t<\/div>\n\t\t<\/section>\n\t\t\t\t<section class=\"elementor-section elementor-top-section elementor-element elementor-element-e8e2c2b elementor-section-boxed elementor-section-height-default elementor-section-height-default\" data-id=\"e8e2c2b\" data-element_type=\"section\" data-e-type=\"section\">\n\t\t\t\t\t\t<div class=\"elementor-container elementor-column-gap-default\">\n\t\t\t\t\t<div class=\"elementor-column elementor-col-50 elementor-top-column elementor-element elementor-element-548b877\" data-id=\"548b877\" data-element_type=\"column\" data-e-type=\"column\" data-settings=\"{&quot;background_background&quot;:&quot;classic&quot;}\">\n\t\t\t<div class=\"elementor-widget-wrap elementor-element-populated\">\n\t\t\t\t\t\t<div class=\"elementor-element elementor-element-669ef1b elementor-widget elementor-widget-image\" data-id=\"669ef1b\" data-element_type=\"widget\" data-e-type=\"widget\" data-widget_type=\"image.default\">\n\t\t\t\t<div class=\"elementor-widget-container\">\n\t\t\t\t\t\t\t\t\t\t\t\t\t\t\t<img fetchpriority=\"high\" decoding=\"async\" width=\"600\" height=\"900\" src=\"https:\/\/lojadesites.com.br\/logistica\/wp-content\/uploads\/2025\/06\/rampa.jpg\" class=\"attachment-large size-large wp-image-965\" alt=\"\" srcset=\"https:\/\/lojadesites.com.br\/logistica\/wp-content\/uploads\/2025\/06\/rampa.jpg 600w,  https:\/\/lojadesites.com.br\/logistica\/wp-content\/uploads\/2025\/06\/rampa-200x300.jpg 200w\" sizes=\"(max-width: 600px) 100vw, 600px\" \/>\t\t\t\t\t\t\t\t\t\t\t\t\t\t\t<\/div>\n\t\t\t\t<\/div>\n\t\t\t\t\t<\/div>\n\t\t<\/div>\n\t\t\t\t<div class=\"elementor-column elementor-col-50 elementor-top-column elementor-element elementor-element-ed7f39b\" data-id=\"ed7f39b\" data-element_type=\"column\" data-e-type=\"column\" data-settings=\"{&quot;background_background&quot;:&quot;classic&quot;}\">\n\t\t\t<div class=\"elementor-widget-wrap elementor-element-populated\">\n\t\t\t\t\t\t<div class=\"elementor-element elementor-element-4453743 elementor-widget elementor-widget-heading\" data-id=\"4453743\" data-element_type=\"widget\" data-e-type=\"widget\" data-widget_type=\"heading.default\">\n\t\t\t\t<div class=\"elementor-widget-container\">\n\t\t\t\t\t<h2 class=\"elementor-heading-title elementor-size-default\">Seu frete no prazo e or\u00e7amento <\/h2>\t\t\t\t<\/div>\n\t\t\t\t<\/div>\n\t\t\t\t<div class=\"elementor-element elementor-element-0cb543e elementor-widget elementor-widget-text-editor\" data-id=\"0cb543e\" data-element_type=\"widget\" data-e-type=\"widget\" data-widget_type=\"text-editor.default\">\n\t\t\t\t<div class=\"elementor-widget-container\">\n\t\t\t\t\t\t\t\t\t<p>\u00a0<\/p><p>A TransGuia Transportes e Log\u00edstica atua no transporte fluvial de cargas na regi\u00e3o amaz\u00f4nica em barcos, balsas e rebocadores.<\/p><p>Transportamos sua carga com seguro. Temos estrutura para levar sua carga em containers, a granel, minerais, produtos minerais. Transportamos cargas fracionadas e dedicadas.<\/p><p>Realizamos transbordo de carga e opera\u00e7\u00f5es portu\u00e1rias em Bel\u00e9m, Porto Velho e Manaus.<\/p><p>Temos partidas programadas de Bel\u00e9m, Manaus e Porto Velho. Tamb\u00e9m atendemos a opera\u00e7\u00f5es eventuais avulsas ou sob contrato. Cuidamos de toda a arma\u00e7\u00e3o e opera\u00e7\u00e3o.<\/p><p>Seguimos os mais rigorosos procedimentos operacionais que garantem a manuten\u00e7\u00e3o preventiva das embarca\u00e7\u00f5es, bem com equipe t\u00e9cnica capacitada para lidar com situa\u00e7\u00f5es que eventualmente venham a ocorrer durante a viagem, tudo para que sua carga chegue sempre no prazo e dentro do or\u00e7amento.<\/p>\t\t\t\t\t\t\t\t<\/div>\n\t\t\t\t<\/div>\n\t\t\t\t\t<\/div>\n\t\t<\/div>\n\t\t\t\t\t<\/div>\n\t\t<\/section>\n\t\t\t\t<\/div>","protected":false},"excerpt":{"rendered":"<p>A TransGuia Transportes e Log\u00edstica atua no transporte fluvial de cargas na regi\u00e3o amaz\u00f4nica em barcos, balsas e rebocadores.  Transportamos sua carga com seguro. Temos estrutura para levar sua carga em containers, a granel, minerais, produtos minerais. Transportamos cargas fracionadas e dedicadas.<\/p>","protected":false},"author":1,"featured_media":46,"parent":0,"menu_order":0,"comment_status":"closed","ping_status":"closed","template":"","meta":{"footnotes":""},"class_list":["post-14","page","type-page","status-publish","has-post-thumbnail","hentry"],"_links":{"self":[{"href":"https:\/\/lojadesites.com.br\/logistica\/wp-json\/wp\/v2\/pages\/14","targetHints":{"allow":["GET"]}}],"collection":[{"href":"https:\/\/lojadesites.com.br\/logistica\/wp-json\/wp\/v2\/pages"}],"about":[{"href":"https:\/\/lojadesites.com.br\/logistica\/wp-json\/wp\/v2\/types\/page"}],"author":[{"embeddable":true,"href":"https:\/\/lojadesites.com.br\/logistica\/wp-json\/wp\/v2\/users\/1"}],"replies":[{"embeddable":true,"href":"https:\/\/lojadesites.com.br\/logistica\/wp-json\/wp\/v2\/comments?post=14"}],"version-history":[{"count":3,"href":"https:\/\/lojadesites.com.br\/logistica\/wp-json\/wp\/v2\/pages\/14\/revisions"}],"predecessor-version":[{"id":1742,"href":"https:\/\/lojadesites.com.br\/logistica\/wp-json\/wp\/v2\/pages\/14\/revisions\/1742"}],"wp:featuredmedia":[{"embeddable":true,"href":"https:\/\/lojadesites.com.br\/logistica\/wp-json\/wp\/v2\/media\/46"}],"wp:attachment":[{"href":"https:\/\/lojadesites.com.br\/logistica\/wp-json\/wp\/v2\/media?parent=14"}],"curies":[{"name":"wp","href":"https:\/\/api.w.org\/{rel}","templated":true}]}}