{"id":12,"date":"2017-05-25T09:10:52","date_gmt":"2017-05-25T12:10:52","guid":{"rendered":"https:\/\/lojadesites.com.br\/logistica\/?page_id=12"},"modified":"2025-10-25T16:10:06","modified_gmt":"2025-10-25T20:10:06","slug":"mudancas","status":"publish","type":"page","link":"https:\/\/lojadesites.com.br\/logistica\/mudancas\/","title":{"rendered":"Mudan\u00e7as"},"content":{"rendered":"<div data-elementor-type=\"wp-page\" data-elementor-id=\"12\" class=\"elementor elementor-12\" data-elementor-post-type=\"page\">\n\t\t\t\t<div class=\"elementor-element elementor-element-4b3e72f e-flex e-con-boxed e-con e-parent\" data-id=\"4b3e72f\" data-element_type=\"container\" data-e-type=\"container\" data-settings=\"{&quot;background_background&quot;:&quot;classic&quot;}\">\n\t\t\t\t\t<div class=\"e-con-inner\">\n\t\t<div class=\"elementor-element elementor-element-dd29797 e-con-full e-flex e-con e-child\" data-id=\"dd29797\" data-element_type=\"container\" data-e-type=\"container\">\n\t\t\t\t<div class=\"elementor-element elementor-element-2ae9f97 elementor-widget elementor-widget-heading\" data-id=\"2ae9f97\" data-element_type=\"widget\" data-e-type=\"widget\" data-widget_type=\"heading.default\">\n\t\t\t\t<div class=\"elementor-widget-container\">\n\t\t\t\t\t<h3 class=\"elementor-heading-title elementor-size-default\">Mudan\u00e7as<\/h3>\t\t\t\t<\/div>\n\t\t\t\t<\/div>\n\t\t\t\t<\/div>\n\t\t\t\t\t<\/div>\n\t\t\t\t<\/div>\n\t\t\t\t<section class=\"elementor-section elementor-top-section elementor-element elementor-element-c797741 elementor-section-boxed elementor-section-height-default elementor-section-height-default\" data-id=\"c797741\" data-element_type=\"section\" data-e-type=\"section\">\n\t\t\t\t\t\t<div class=\"elementor-container elementor-column-gap-default\">\n\t\t\t\t\t<div class=\"elementor-column elementor-col-50 elementor-top-column elementor-element elementor-element-3d0c6c9\" data-id=\"3d0c6c9\" data-element_type=\"column\" data-e-type=\"column\" data-settings=\"{&quot;background_background&quot;:&quot;classic&quot;}\">\n\t\t\t<div class=\"elementor-widget-wrap elementor-element-populated\">\n\t\t\t\t\t\t<div class=\"elementor-element elementor-element-b42a956 elementor-widget elementor-widget-image\" data-id=\"b42a956\" data-element_type=\"widget\" data-e-type=\"widget\" data-widget_type=\"image.default\">\n\t\t\t\t<div class=\"elementor-widget-container\">\n\t\t\t\t\t\t\t\t\t\t\t\t\t\t\t<img fetchpriority=\"high\" decoding=\"async\" width=\"600\" height=\"900\" src=\"https:\/\/lojadesites.com.br\/logistica\/wp-content\/uploads\/2025\/06\/casal-mudanca.jpg\" class=\"attachment-large size-large wp-image-953\" alt=\"\" srcset=\"https:\/\/lojadesites.com.br\/logistica\/wp-content\/uploads\/2025\/06\/casal-mudanca.jpg 600w,  https:\/\/lojadesites.com.br\/logistica\/wp-content\/uploads\/2025\/06\/casal-mudanca-200x300.jpg 200w\" sizes=\"(max-width: 600px) 100vw, 600px\" \/>\t\t\t\t\t\t\t\t\t\t\t\t\t\t\t<\/div>\n\t\t\t\t<\/div>\n\t\t\t\t\t<\/div>\n\t\t<\/div>\n\t\t\t\t<div class=\"elementor-column elementor-col-50 elementor-top-column elementor-element elementor-element-a94cf42\" data-id=\"a94cf42\" data-element_type=\"column\" data-e-type=\"column\" data-settings=\"{&quot;background_background&quot;:&quot;classic&quot;}\">\n\t\t\t<div class=\"elementor-widget-wrap elementor-element-populated\">\n\t\t\t\t\t\t<div class=\"elementor-element elementor-element-3880568 elementor-widget elementor-widget-heading\" data-id=\"3880568\" data-element_type=\"widget\" data-e-type=\"widget\" data-widget_type=\"heading.default\">\n\t\t\t\t<div class=\"elementor-widget-container\">\n\t\t\t\t\t<h2 class=\"elementor-heading-title elementor-size-default\">Confie sua mudan\u00e7a \u00e0 LogCargo<\/h2>\t\t\t\t<\/div>\n\t\t\t\t<\/div>\n\t\t\t\t<div class=\"elementor-element elementor-element-9a974dc elementor-widget elementor-widget-text-editor\" data-id=\"9a974dc\" data-element_type=\"widget\" data-e-type=\"widget\" data-widget_type=\"text-editor.default\">\n\t\t\t\t<div class=\"elementor-widget-container\">\n\t\t\t\t\t\t\t\t\t<p>Para mudan\u00e7as residenciais, contamos com uma equipe especializada em montagem e desmontagem. Realizamos mudan\u00e7as com os mais modernos materiais de embalagem para garantir a integridade de sua mudan\u00e7a. Os itens s\u00e3o embalados de acordo com a sua caracter\u00edstica, utilizamos: palpel kraft, papel\u00e3o ondulado, pl\u00e1stico bolha, caixa de papel\u00e3o, etc.<\/p><p>Para mudan\u00e7as comerciais, a prepara\u00e7\u00e3o da mudan\u00e7a \u00e9 projetada de acordo com o layout definitivo para garantir uma mudan\u00e7a segura e organizada, mantendo o ritmo de sua empresa.Contamos com equipe altamente treinada e especializada para os servi\u00e7os de embalagem e etiquetagem de documentos, livros, equipamentos e mobili\u00e1rios.<\/p><p>Estamos preparados para respostas r\u00e1pidas na entrega e coleta de materiais com datas e hor\u00e1rios programados. Nossa localiza\u00e7\u00e3o privilegiada, no Distrito Industrial de Manaus nos permite atender com maior agilidade toda a regi\u00e3o metropolitana.<\/p><p>Estamos preparados para realizar mudan\u00e7as especiais e de objetos sens\u00edveis como: Piano, Obras de Arte, Quadro, etc. Os objetos s\u00e3o embalados com os mais modernos materiais para manter sua integridade.<\/p>\t\t\t\t\t\t\t\t<\/div>\n\t\t\t\t<\/div>\n\t\t\t\t\t<\/div>\n\t\t<\/div>\n\t\t\t\t\t<\/div>\n\t\t<\/section>\n\t\t\t\t<section class=\"elementor-section elementor-top-section elementor-element elementor-element-2af0cc41 elementor-section-boxed elementor-section-height-default elementor-section-height-default\" data-id=\"2af0cc41\" data-element_type=\"section\" data-e-type=\"section\">\n\t\t\t\t\t\t<div class=\"elementor-container elementor-column-gap-default\">\n\t\t\t\t\t<div class=\"elementor-column elementor-col-100 elementor-top-column elementor-element elementor-element-6ddffa0b\" data-id=\"6ddffa0b\" data-element_type=\"column\" data-e-type=\"column\" data-settings=\"{&quot;background_background&quot;:&quot;classic&quot;}\">\n\t\t\t<div class=\"elementor-widget-wrap elementor-element-populated\">\n\t\t\t\t\t\t<div class=\"elementor-element elementor-element-73567787 elementor-widget elementor-widget-heading\" data-id=\"73567787\" data-element_type=\"widget\" data-e-type=\"widget\" data-widget_type=\"heading.default\">\n\t\t\t\t<div class=\"elementor-widget-container\">\n\t\t\t\t\t<h3 class=\"elementor-heading-title elementor-size-default\">Mudan\u00e7as Locais, Regionais e Nacionais<\/h3>\t\t\t\t<\/div>\n\t\t\t\t<\/div>\n\t\t\t\t<div class=\"elementor-element elementor-element-6da6f041 elementor-grid-3 elementor-grid-tablet-2 elementor-grid-mobile-1 elementor-posts--thumbnail-top elementor-card-shadow-yes elementor-posts__hover-gradient elementor-widget elementor-widget-posts\" data-id=\"6da6f041\" data-element_type=\"widget\" data-e-type=\"widget\" data-settings=\"{&quot;cards_row_gap&quot;:{&quot;unit&quot;:&quot;px&quot;,&quot;size&quot;:20,&quot;sizes&quot;:[]},&quot;pagination_type&quot;:&quot;numbers&quot;,&quot;cards_columns&quot;:&quot;3&quot;,&quot;cards_columns_tablet&quot;:&quot;2&quot;,&quot;cards_columns_mobile&quot;:&quot;1&quot;,&quot;cards_row_gap_tablet&quot;:{&quot;unit&quot;:&quot;px&quot;,&quot;size&quot;:&quot;&quot;,&quot;sizes&quot;:[]},&quot;cards_row_gap_mobile&quot;:{&quot;unit&quot;:&quot;px&quot;,&quot;size&quot;:&quot;&quot;,&quot;sizes&quot;:[]}}\" data-widget_type=\"posts.cards\">\n\t\t\t\t<div class=\"elementor-widget-container\">\n\t\t\t\t\t\t\t<div class=\"elementor-posts-container elementor-posts elementor-posts--skin-cards elementor-grid\" role=\"list\">\n\t\t\t\t<article class=\"elementor-post elementor-grid-item post-656 post type-post status-publish format-standard has-post-thumbnail hentry category-localidades category-mudancas tag-mudancas-interestaduais\" role=\"listitem\">\n\t\t\t<div class=\"elementor-post__card\">\n\t\t\t\t<a class=\"elementor-post__thumbnail__link\" href=\"https:\/\/lojadesites.com.br\/logistica\/mudancas-manaus-belem\/\" tabindex=\"-1\" ><div class=\"elementor-post__thumbnail\"><img decoding=\"async\" width=\"900\" height=\"600\" src=\"https:\/\/lojadesites.com.br\/logistica\/wp-content\/uploads\/2025\/03\/transguiamudancasManausBelem900x600.png\" class=\"attachment-full size-full wp-image-658\" alt=\"Transporte de Mudan\u00e7as Manaus Bel\u00e9m\" srcset=\"https:\/\/lojadesites.com.br\/logistica\/wp-content\/uploads\/2025\/03\/transguiamudancasManausBelem900x600.png 900w,  https:\/\/lojadesites.com.br\/logistica\/wp-content\/uploads\/2025\/03\/transguiamudancasManausBelem900x600-600x400.png 600w,  https:\/\/lojadesites.com.br\/logistica\/wp-content\/uploads\/2025\/03\/transguiamudancasManausBelem900x600-300x200.png 300w,  https:\/\/lojadesites.com.br\/logistica\/wp-content\/uploads\/2025\/03\/transguiamudancasManausBelem900x600-768x512.png 768w\" sizes=\"(max-width: 900px) 100vw, 900px\" \/><\/div><\/a>\n\t\t\t\t<div class=\"elementor-post__text\">\n\t\t\t\t<h3 class=\"elementor-post__title\">\n\t\t\t<a href=\"https:\/\/lojadesites.com.br\/logistica\/mudancas-manaus-belem\/\" >\n\t\t\t\tMudan\u00e7a Manaus Bel\u00e9m\t\t\t<\/a>\n\t\t<\/h3>\n\t\t\t\t<\/div>\n\t\t\t\t\t<\/div>\n\t\t<\/article>\n\t\t\t\t<article class=\"elementor-post elementor-grid-item post-552 post type-post status-publish format-standard has-post-thumbnail hentry category-mudancas category-servicos\" role=\"listitem\">\n\t\t\t<div class=\"elementor-post__card\">\n\t\t\t\t<a class=\"elementor-post__thumbnail__link\" href=\"https:\/\/lojadesites.com.br\/logistica\/mudancas-em-manaus\/\" tabindex=\"-1\" ><div class=\"elementor-post__thumbnail\"><img decoding=\"async\" width=\"900\" height=\"600\" src=\"https:\/\/lojadesites.com.br\/logistica\/wp-content\/uploads\/2019\/10\/mudancas.jpg\" class=\"attachment-full size-full wp-image-295\" alt=\"Fazemos mudan\u00e7as residenciais e comerciais em Manaus\" srcset=\"https:\/\/lojadesites.com.br\/logistica\/wp-content\/uploads\/2019\/10\/mudancas.jpg 900w,  https:\/\/lojadesites.com.br\/logistica\/wp-content\/uploads\/2019\/10\/mudancas-600x400.jpg 600w,  https:\/\/lojadesites.com.br\/logistica\/wp-content\/uploads\/2019\/10\/mudancas-300x200.jpg 300w,  https:\/\/lojadesites.com.br\/logistica\/wp-content\/uploads\/2019\/10\/mudancas-768x512.jpg 768w\" sizes=\"(max-width: 900px) 100vw, 900px\" \/><\/div><\/a>\n\t\t\t\t<div class=\"elementor-post__text\">\n\t\t\t\t<h3 class=\"elementor-post__title\">\n\t\t\t<a href=\"https:\/\/lojadesites.com.br\/logistica\/mudancas-em-manaus\/\" >\n\t\t\t\tMudan\u00e7as em Manaus\t\t\t<\/a>\n\t\t<\/h3>\n\t\t\t\t<\/div>\n\t\t\t\t\t<\/div>\n\t\t<\/article>\n\t\t\t\t<article class=\"elementor-post elementor-grid-item post-412 post type-post status-publish format-standard has-post-thumbnail hentry category-localidades category-mudancas tag-mudanca-interestadual tag-mudanca-para-o-nordeste tag-mudanca-para-pernambuco tag-mudanca-para-recife tag-recife\" role=\"listitem\">\n\t\t\t<div class=\"elementor-post__card\">\n\t\t\t\t<a class=\"elementor-post__thumbnail__link\" href=\"https:\/\/lojadesites.com.br\/logistica\/transporte-de-mudancas-manaus-recife\/\" tabindex=\"-1\" ><div class=\"elementor-post__thumbnail\"><img loading=\"lazy\" decoding=\"async\" width=\"900\" height=\"600\" src=\"https:\/\/lojadesites.com.br\/logistica\/wp-content\/uploads\/2020\/08\/recife.jpg\" class=\"attachment-full size-full wp-image-414\" alt=\"Fazemos o transporte de Mudan\u00e7a entre Manaus e Recife e regi\u00e3o metropolitana.\" srcset=\"https:\/\/lojadesites.com.br\/logistica\/wp-content\/uploads\/2020\/08\/recife.jpg 900w,  https:\/\/lojadesites.com.br\/logistica\/wp-content\/uploads\/2020\/08\/recife-600x400.jpg 600w,  https:\/\/lojadesites.com.br\/logistica\/wp-content\/uploads\/2020\/08\/recife-300x200.jpg 300w,  https:\/\/lojadesites.com.br\/logistica\/wp-content\/uploads\/2020\/08\/recife-768x512.jpg 768w\" sizes=\"(max-width: 900px) 100vw, 900px\" \/><\/div><\/a>\n\t\t\t\t<div class=\"elementor-post__text\">\n\t\t\t\t<h3 class=\"elementor-post__title\">\n\t\t\t<a href=\"https:\/\/lojadesites.com.br\/logistica\/transporte-de-mudancas-manaus-recife\/\" >\n\t\t\t\tTransporte de Mudan\u00e7as entre Manaus e Recife\t\t\t<\/a>\n\t\t<\/h3>\n\t\t\t\t<\/div>\n\t\t\t\t\t<\/div>\n\t\t<\/article>\n\t\t\t\t<article class=\"elementor-post elementor-grid-item post-407 post type-post status-publish format-standard has-post-thumbnail hentry category-localidades category-mudancas tag-bahia tag-mudanca-interestadual tag-mudanca-para-o-nordeste tag-mudanca-para-salvador tag-salvador\" role=\"listitem\">\n\t\t\t<div class=\"elementor-post__card\">\n\t\t\t\t<a class=\"elementor-post__thumbnail__link\" href=\"https:\/\/lojadesites.com.br\/logistica\/transporte-de-mudanca-manaus-salvador\/\" tabindex=\"-1\" ><div class=\"elementor-post__thumbnail\"><img loading=\"lazy\" decoding=\"async\" width=\"900\" height=\"600\" src=\"https:\/\/lojadesites.com.br\/logistica\/wp-content\/uploads\/2020\/08\/Salvador.jpg\" class=\"attachment-full size-full wp-image-408\" alt=\"Fazemos o transporte de Mudan\u00e7a entre Manaus e Salvador e regi\u00e3o metropolitana.\" srcset=\"https:\/\/lojadesites.com.br\/logistica\/wp-content\/uploads\/2020\/08\/Salvador.jpg 900w,  https:\/\/lojadesites.com.br\/logistica\/wp-content\/uploads\/2020\/08\/Salvador-600x400.jpg 600w,  https:\/\/lojadesites.com.br\/logistica\/wp-content\/uploads\/2020\/08\/Salvador-300x200.jpg 300w,  https:\/\/lojadesites.com.br\/logistica\/wp-content\/uploads\/2020\/08\/Salvador-768x512.jpg 768w\" sizes=\"(max-width: 900px) 100vw, 900px\" \/><\/div><\/a>\n\t\t\t\t<div class=\"elementor-post__text\">\n\t\t\t\t<h3 class=\"elementor-post__title\">\n\t\t\t<a href=\"https:\/\/lojadesites.com.br\/logistica\/transporte-de-mudanca-manaus-salvador\/\" >\n\t\t\t\tMudan\u00e7a Manaus Salvador\t\t\t<\/a>\n\t\t<\/h3>\n\t\t\t\t<\/div>\n\t\t\t\t\t<\/div>\n\t\t<\/article>\n\t\t\t\t<article class=\"elementor-post elementor-grid-item post-397 post type-post status-publish format-standard has-post-thumbnail hentry category-localidades category-mudancas tag-belo-horizonte tag-mudancas-comerciais tag-mudancas-para-minas-gerais tag-mudancas-residenciais\" role=\"listitem\">\n\t\t\t<div class=\"elementor-post__card\">\n\t\t\t\t<a class=\"elementor-post__thumbnail__link\" href=\"https:\/\/lojadesites.com.br\/logistica\/transporte-de-mudanca-manaus-belo-horizonte\/\" tabindex=\"-1\" ><div class=\"elementor-post__thumbnail\"><img loading=\"lazy\" decoding=\"async\" width=\"900\" height=\"600\" src=\"https:\/\/lojadesites.com.br\/logistica\/wp-content\/uploads\/2020\/08\/belo-horizonte-1118337_1920.jpg\" class=\"attachment-full size-full wp-image-403\" alt=\"Fazemos o transporte de Mudan\u00e7a entre Manaus e Belo Horizonte e regi\u00e3o metropolitana.\" srcset=\"https:\/\/lojadesites.com.br\/logistica\/wp-content\/uploads\/2020\/08\/belo-horizonte-1118337_1920.jpg 900w,  https:\/\/lojadesites.com.br\/logistica\/wp-content\/uploads\/2020\/08\/belo-horizonte-1118337_1920-600x400.jpg 600w,  https:\/\/lojadesites.com.br\/logistica\/wp-content\/uploads\/2020\/08\/belo-horizonte-1118337_1920-300x200.jpg 300w,  https:\/\/lojadesites.com.br\/logistica\/wp-content\/uploads\/2020\/08\/belo-horizonte-1118337_1920-768x512.jpg 768w\" sizes=\"(max-width: 900px) 100vw, 900px\" \/><\/div><\/a>\n\t\t\t\t<div class=\"elementor-post__text\">\n\t\t\t\t<h3 class=\"elementor-post__title\">\n\t\t\t<a href=\"https:\/\/lojadesites.com.br\/logistica\/transporte-de-mudanca-manaus-belo-horizonte\/\" >\n\t\t\t\tTransporte de Mudan\u00e7a Manaus Belo Horizonte\t\t\t<\/a>\n\t\t<\/h3>\n\t\t\t\t<\/div>\n\t\t\t\t\t<\/div>\n\t\t<\/article>\n\t\t\t\t<article class=\"elementor-post elementor-grid-item post-339 post type-post status-publish format-standard has-post-thumbnail hentry category-localidades category-mudancas tag-levar-mudanca-para-barcelos\" role=\"listitem\">\n\t\t\t<div class=\"elementor-post__card\">\n\t\t\t\t<a class=\"elementor-post__thumbnail__link\" href=\"https:\/\/lojadesites.com.br\/logistica\/mudancas-para-os-municipios-do-amazonas\/\" tabindex=\"-1\" ><div class=\"elementor-post__thumbnail\"><img loading=\"lazy\" decoding=\"async\" width=\"1280\" height=\"670\" src=\"https:\/\/lojadesites.com.br\/logistica\/wp-content\/uploads\/2020\/01\/Transguia-Banner.jpg\" class=\"attachment-full size-full wp-image-340\" alt=\"Mudan\u00e7as de Manaus para Munic\u00edpios do Amazonas\" srcset=\"https:\/\/lojadesites.com.br\/logistica\/wp-content\/uploads\/2020\/01\/Transguia-Banner.jpg 1280w,  https:\/\/lojadesites.com.br\/logistica\/wp-content\/uploads\/2020\/01\/Transguia-Banner-600x314.jpg 600w,  https:\/\/lojadesites.com.br\/logistica\/wp-content\/uploads\/2020\/01\/Transguia-Banner-300x157.jpg 300w,  https:\/\/lojadesites.com.br\/logistica\/wp-content\/uploads\/2020\/01\/Transguia-Banner-1024x536.jpg 1024w,  https:\/\/lojadesites.com.br\/logistica\/wp-content\/uploads\/2020\/01\/Transguia-Banner-768x402.jpg 768w\" sizes=\"(max-width: 1280px) 100vw, 1280px\" \/><\/div><\/a>\n\t\t\t\t<div class=\"elementor-post__text\">\n\t\t\t\t<h3 class=\"elementor-post__title\">\n\t\t\t<a href=\"https:\/\/lojadesites.com.br\/logistica\/mudancas-para-os-municipios-do-amazonas\/\" >\n\t\t\t\tMudan\u00e7as para os munic\u00edpios do Amazonas\t\t\t<\/a>\n\t\t<\/h3>\n\t\t\t\t<\/div>\n\t\t\t\t\t<\/div>\n\t\t<\/article>\n\t\t\t\t<article class=\"elementor-post elementor-grid-item post-336 post type-post status-publish format-standard has-post-thumbnail hentry category-mudancas category-servicos tag-mudancas tag-mudancas-em-manaus\" role=\"listitem\">\n\t\t\t<div class=\"elementor-post__card\">\n\t\t\t\t<a class=\"elementor-post__thumbnail__link\" href=\"https:\/\/lojadesites.com.br\/logistica\/mudancas-residenciais-em-manaus\/\" tabindex=\"-1\" ><div class=\"elementor-post__thumbnail\"><img loading=\"lazy\" decoding=\"async\" width=\"1500\" height=\"781\" src=\"https:\/\/lojadesites.com.br\/logistica\/wp-content\/uploads\/2020\/01\/Mudancas-Manaus.jpg\" class=\"attachment-full size-full wp-image-337\" alt=\"Empresa de Mudan\u00e7as em Manaus \u2013 Parcelamos no Cart\u00e3o de Cr\u00e9dito\" srcset=\"https:\/\/lojadesites.com.br\/logistica\/wp-content\/uploads\/2020\/01\/Mudancas-Manaus.jpg 1500w,  https:\/\/lojadesites.com.br\/logistica\/wp-content\/uploads\/2020\/01\/Mudancas-Manaus-600x312.jpg 600w,  https:\/\/lojadesites.com.br\/logistica\/wp-content\/uploads\/2020\/01\/Mudancas-Manaus-300x156.jpg 300w,  https:\/\/lojadesites.com.br\/logistica\/wp-content\/uploads\/2020\/01\/Mudancas-Manaus-768x400.jpg 768w,  https:\/\/lojadesites.com.br\/logistica\/wp-content\/uploads\/2020\/01\/Mudancas-Manaus-1024x533.jpg 1024w\" sizes=\"(max-width: 1500px) 100vw, 1500px\" \/><\/div><\/a>\n\t\t\t\t<div class=\"elementor-post__text\">\n\t\t\t\t<h3 class=\"elementor-post__title\">\n\t\t\t<a href=\"https:\/\/lojadesites.com.br\/logistica\/mudancas-residenciais-em-manaus\/\" >\n\t\t\t\tMudan\u00e7as Residenciais em Manaus\t\t\t<\/a>\n\t\t<\/h3>\n\t\t\t\t<\/div>\n\t\t\t\t\t<\/div>\n\t\t<\/article>\n\t\t\t\t<article class=\"elementor-post elementor-grid-item post-200 post type-post status-publish format-standard has-post-thumbnail hentry category-mudancas category-servicos tag-caminhao-bau-de-mudancas tag-desmontagem-de-moveis tag-montagem-de-moveis tag-mudancas-comerciais tag-mudancas-em-manaus tag-mudancas-residenciais\" role=\"listitem\">\n\t\t\t<div class=\"elementor-post__card\">\n\t\t\t\t<a class=\"elementor-post__thumbnail__link\" href=\"https:\/\/lojadesites.com.br\/logistica\/fazemos-mudancas-residenciais-e-comerciais-em-manaus\/\" tabindex=\"-1\" ><div class=\"elementor-post__thumbnail\"><img loading=\"lazy\" decoding=\"async\" width=\"851\" height=\"653\" src=\"https:\/\/lojadesites.com.br\/logistica\/wp-content\/uploads\/2018\/08\/mudancas.jpg\" class=\"attachment-full size-full wp-image-202\" alt=\"Fazemos mudan\u00e7as residenciais e comerciais em Manaus\" srcset=\"https:\/\/lojadesites.com.br\/logistica\/wp-content\/uploads\/2018\/08\/mudancas.jpg 851w,  https:\/\/lojadesites.com.br\/logistica\/wp-content\/uploads\/2018\/08\/mudancas-600x460.jpg 600w,  https:\/\/lojadesites.com.br\/logistica\/wp-content\/uploads\/2018\/08\/mudancas-300x230.jpg 300w,  https:\/\/lojadesites.com.br\/logistica\/wp-content\/uploads\/2018\/08\/mudancas-768x589.jpg 768w\" sizes=\"(max-width: 851px) 100vw, 851px\" \/><\/div><\/a>\n\t\t\t\t<div class=\"elementor-post__text\">\n\t\t\t\t<h3 class=\"elementor-post__title\">\n\t\t\t<a href=\"https:\/\/lojadesites.com.br\/logistica\/fazemos-mudancas-residenciais-e-comerciais-em-manaus\/\" >\n\t\t\t\tFazemos mudan\u00e7as residenciais e comerciais em Manaus\t\t\t<\/a>\n\t\t<\/h3>\n\t\t\t\t<\/div>\n\t\t\t\t\t<\/div>\n\t\t<\/article>\n\t\t\t\t<\/div>\n\t\t\n\t\t\t\t\t\t<\/div>\n\t\t\t\t<\/div>\n\t\t\t\t\t<\/div>\n\t\t<\/div>\n\t\t\t\t\t<\/div>\n\t\t<\/section>\n\t\t\t\t<\/div>","protected":false},"excerpt":{"rendered":"<p>Confie sua mudan\u00e7a \u00e0 LogCargo Para mudan\u00e7as residenciais, contamos com uma equipe especializada em montagem e desmontagem. Realizamos mudan\u00e7as com os mais modernos materiais de<\/p>","protected":false},"author":1,"featured_media":295,"parent":0,"menu_order":0,"comment_status":"closed","ping_status":"closed","template":"","meta":{"footnotes":""},"class_list":["post-12","page","type-page","status-publish","has-post-thumbnail","hentry"],"_links":{"self":[{"href":"https:\/\/lojadesites.com.br\/logistica\/wp-json\/wp\/v2\/pages\/12","targetHints":{"allow":["GET"]}}],"collection":[{"href":"https:\/\/lojadesites.com.br\/logistica\/wp-json\/wp\/v2\/pages"}],"about":[{"href":"https:\/\/lojadesites.com.br\/logistica\/wp-json\/wp\/v2\/types\/page"}],"author":[{"embeddable":true,"href":"https:\/\/lojadesites.com.br\/logistica\/wp-json\/wp\/v2\/users\/1"}],"replies":[{"embeddable":true,"href":"https:\/\/lojadesites.com.br\/logistica\/wp-json\/wp\/v2\/comments?post=12"}],"version-history":[{"count":3,"href":"https:\/\/lojadesites.com.br\/logistica\/wp-json\/wp\/v2\/pages\/12\/revisions"}],"predecessor-version":[{"id":1702,"href":"https:\/\/lojadesites.com.br\/logistica\/wp-json\/wp\/v2\/pages\/12\/revisions\/1702"}],"wp:featuredmedia":[{"embeddable":true,"href":"https:\/\/lojadesites.com.br\/logistica\/wp-json\/wp\/v2\/media\/295"}],"wp:attachment":[{"href":"https:\/\/lojadesites.com.br\/logistica\/wp-json\/wp\/v2\/media?parent=12"}],"curies":[{"name":"wp","href":"https:\/\/api.w.org\/{rel}","templated":true}]}}