{"id":1010,"date":"2025-06-07T18:09:46","date_gmt":"2025-06-07T22:09:46","guid":{"rendered":"https:\/\/lojadesites.com.br\/logistica\/?page_id=1010"},"modified":"2025-10-25T16:53:30","modified_gmt":"2025-10-25T20:53:30","slug":"veiculos","status":"publish","type":"page","link":"https:\/\/lojadesites.com.br\/logistica\/veiculos\/","title":{"rendered":"Ve\u00edculos"},"content":{"rendered":"<div data-elementor-type=\"wp-page\" data-elementor-id=\"1010\" class=\"elementor elementor-1010\" data-elementor-post-type=\"page\">\n\t\t\t\t\t\t<section class=\"elementor-section elementor-top-section elementor-element elementor-element-3edc728 elementor-section-height-min-height elementor-section-stretched elementor-section-boxed elementor-section-height-default elementor-section-items-middle\" data-id=\"3edc728\" data-element_type=\"section\" data-e-type=\"section\" data-settings=\"{&quot;stretch_section&quot;:&quot;section-stretched&quot;,&quot;background_background&quot;:&quot;classic&quot;}\">\n\t\t\t\t\t\t\t<div class=\"elementor-background-overlay\"><\/div>\n\t\t\t\t\t\t\t<div class=\"elementor-container elementor-column-gap-default\">\n\t\t\t\t\t<div class=\"elementor-column elementor-col-100 elementor-top-column elementor-element elementor-element-783c311\" data-id=\"783c311\" data-element_type=\"column\" data-e-type=\"column\">\n\t\t\t<div class=\"elementor-widget-wrap\">\n\t\t\t\t\t\t\t<\/div>\n\t\t<\/div>\n\t\t\t\t\t<\/div>\n\t\t<\/section>\n\t\t\t\t<section class=\"elementor-section elementor-top-section elementor-element elementor-element-8c539ee elementor-section-boxed elementor-section-height-default elementor-section-height-default\" data-id=\"8c539ee\" data-element_type=\"section\" data-e-type=\"section\">\n\t\t\t\t\t\t<div class=\"elementor-container elementor-column-gap-default\">\n\t\t\t\t\t<div class=\"elementor-column elementor-col-50 elementor-top-column elementor-element elementor-element-453e5a9\" data-id=\"453e5a9\" data-element_type=\"column\" data-e-type=\"column\" data-settings=\"{&quot;background_background&quot;:&quot;classic&quot;}\">\n\t\t\t<div class=\"elementor-widget-wrap elementor-element-populated\">\n\t\t\t\t\t\t<div class=\"elementor-element elementor-element-60f04d5 elementor-widget elementor-widget-image\" data-id=\"60f04d5\" data-element_type=\"widget\" data-e-type=\"widget\" data-widget_type=\"image.default\">\n\t\t\t\t<div class=\"elementor-widget-container\">\n\t\t\t\t\t\t\t\t\t\t\t\t\t\t\t<img fetchpriority=\"high\" decoding=\"async\" width=\"600\" height=\"900\" src=\"https:\/\/lojadesites.com.br\/logistica\/wp-content\/uploads\/2025\/10\/veiculos.jpg\" class=\"attachment-large size-large wp-image-1557\" alt=\"\" srcset=\"https:\/\/lojadesites.com.br\/logistica\/wp-content\/uploads\/2025\/10\/veiculos.jpg 600w,  https:\/\/lojadesites.com.br\/logistica\/wp-content\/uploads\/2025\/10\/veiculos-200x300.jpg 200w\" sizes=\"(max-width: 600px) 100vw, 600px\" \/>\t\t\t\t\t\t\t\t\t\t\t\t\t\t\t<\/div>\n\t\t\t\t<\/div>\n\t\t\t\t\t<\/div>\n\t\t<\/div>\n\t\t\t\t<div class=\"elementor-column elementor-col-50 elementor-top-column elementor-element elementor-element-8d96355\" data-id=\"8d96355\" data-element_type=\"column\" data-e-type=\"column\" data-settings=\"{&quot;background_background&quot;:&quot;classic&quot;}\">\n\t\t\t<div class=\"elementor-widget-wrap elementor-element-populated\">\n\t\t\t\t\t\t<div class=\"elementor-element elementor-element-78d6712 elementor-widget elementor-widget-heading\" data-id=\"78d6712\" data-element_type=\"widget\" data-e-type=\"widget\" data-widget_type=\"heading.default\">\n\t\t\t\t<div class=\"elementor-widget-container\">\n\t\t\t\t\t<h2 class=\"elementor-heading-title elementor-size-default\">Transportamos seu carro no prazo e com cobertura de seguro<\/h2>\t\t\t\t<\/div>\n\t\t\t\t<\/div>\n\t\t\t\t<div class=\"elementor-element elementor-element-d533ce4 elementor-widget elementor-widget-text-editor\" data-id=\"d533ce4\" data-element_type=\"widget\" data-e-type=\"widget\" data-widget_type=\"text-editor.default\">\n\t\t\t\t<div class=\"elementor-widget-container\">\n\t\t\t\t\t\t\t\t\t<p data-start=\"186\" data-end=\"520\">A Transguia Mudan\u00e7as e Log\u00edstica oferece solu\u00e7\u00f5es seguras e eficientes para o transporte de ve\u00edculos em todo o Norte do Brasil. Com uma opera\u00e7\u00e3o estruturada e experi\u00eancia consolidada no segmento log\u00edstico, garantimos o deslocamento de autom\u00f3veis, motos, utilit\u00e1rios e ve\u00edculos de frota com total seguran\u00e7a, pontualidade e integridade.<\/p><p data-start=\"522\" data-end=\"839\">Atendemos pessoas f\u00edsicas, empresas e concession\u00e1rias, com servi\u00e7os personalizados que se adaptam \u00e0s necessidades espec\u00edficas de cada cliente. Utilizamos equipamentos adequados e seguimos rigorosos protocolos de manuseio, transporte e entrega, assegurando que o ve\u00edculo chegue ao destino final em perfeitas condi\u00e7\u00f5es.<\/p><p data-start=\"841\" data-end=\"1015\">Nossa atua\u00e7\u00e3o abrange rotas terrestres e fluviais, conectando as principais cidades da regi\u00e3o amaz\u00f4nica com intelig\u00eancia log\u00edstica e compromisso com a excel\u00eancia operacional.<\/p><p data-start=\"1017\" data-end=\"1103\"><strong data-start=\"1017\" data-end=\"1103\">Transporte com confian\u00e7a, agilidade e responsabilidade. Esse \u00e9 o padr\u00e3o Transguia.<\/strong><\/p>\t\t\t\t\t\t\t\t<\/div>\n\t\t\t\t<\/div>\n\t\t\t\t\t<\/div>\n\t\t<\/div>\n\t\t\t\t\t<\/div>\n\t\t<\/section>\n\t\t\t\t<section class=\"elementor-section elementor-top-section elementor-element elementor-element-7ff51e3 elementor-section-boxed elementor-section-height-default elementor-section-height-default\" data-id=\"7ff51e3\" data-element_type=\"section\" data-e-type=\"section\">\n\t\t\t\t\t\t<div class=\"elementor-container elementor-column-gap-default\">\n\t\t\t\t\t<div class=\"elementor-column elementor-col-100 elementor-top-column elementor-element elementor-element-c65a64f\" data-id=\"c65a64f\" data-element_type=\"column\" data-e-type=\"column\" data-settings=\"{&quot;background_background&quot;:&quot;classic&quot;}\">\n\t\t\t<div class=\"elementor-widget-wrap elementor-element-populated\">\n\t\t\t\t\t\t<div class=\"elementor-element elementor-element-fb181a8 elementor-widget elementor-widget-heading\" data-id=\"fb181a8\" data-element_type=\"widget\" data-e-type=\"widget\" data-widget_type=\"heading.default\">\n\t\t\t\t<div class=\"elementor-widget-container\">\n\t\t\t\t\t<h3 class=\"elementor-heading-title elementor-size-default\">Transporte de Ve\u00edculos<\/h3>\t\t\t\t<\/div>\n\t\t\t\t<\/div>\n\t\t\t\t<div class=\"elementor-element elementor-element-547de6d elementor-grid-3 elementor-grid-tablet-2 elementor-grid-mobile-1 elementor-posts--thumbnail-top elementor-card-shadow-yes elementor-posts__hover-gradient elementor-widget elementor-widget-posts\" data-id=\"547de6d\" data-element_type=\"widget\" data-e-type=\"widget\" data-settings=\"{&quot;cards_row_gap&quot;:{&quot;unit&quot;:&quot;px&quot;,&quot;size&quot;:20,&quot;sizes&quot;:[]},&quot;pagination_type&quot;:&quot;numbers&quot;,&quot;cards_columns&quot;:&quot;3&quot;,&quot;cards_columns_tablet&quot;:&quot;2&quot;,&quot;cards_columns_mobile&quot;:&quot;1&quot;,&quot;cards_row_gap_tablet&quot;:{&quot;unit&quot;:&quot;px&quot;,&quot;size&quot;:&quot;&quot;,&quot;sizes&quot;:[]},&quot;cards_row_gap_mobile&quot;:{&quot;unit&quot;:&quot;px&quot;,&quot;size&quot;:&quot;&quot;,&quot;sizes&quot;:[]}}\" data-widget_type=\"posts.cards\">\n\t\t\t\t<div class=\"elementor-widget-container\">\n\t\t\t\t\t\t\t<div class=\"elementor-posts-container elementor-posts elementor-posts--skin-cards elementor-grid\" role=\"list\">\n\t\t\t\t<article class=\"elementor-post elementor-grid-item post-349 post type-post status-publish format-standard has-post-thumbnail hentry category-localidades category-veiculos tag-transporte-de-veiculos-em-boa-vista tag-transporte-de-veiculos-em-manaus\" role=\"listitem\">\n\t\t\t<div class=\"elementor-post__card\">\n\t\t\t\t<a class=\"elementor-post__thumbnail__link\" href=\"https:\/\/lojadesites.com.br\/logistica\/transporte-de-carro-de-boa-vista-a-manaus-e-belem\/\" tabindex=\"-1\" ><div class=\"elementor-post__thumbnail\"><img decoding=\"async\" width=\"900\" height=\"641\" src=\"https:\/\/lojadesites.com.br\/logistica\/wp-content\/uploads\/2020\/02\/Carro-Boa-Vista-Manausv2.jpg\" class=\"attachment-full size-full wp-image-351\" alt=\"Transporte de Carro de Boa Vista a Manaus e Bel\u00e9m\" srcset=\"https:\/\/lojadesites.com.br\/logistica\/wp-content\/uploads\/2020\/02\/Carro-Boa-Vista-Manausv2.jpg 900w,  https:\/\/lojadesites.com.br\/logistica\/wp-content\/uploads\/2020\/02\/Carro-Boa-Vista-Manausv2-600x427.jpg 600w,  https:\/\/lojadesites.com.br\/logistica\/wp-content\/uploads\/2020\/02\/Carro-Boa-Vista-Manausv2-300x214.jpg 300w,  https:\/\/lojadesites.com.br\/logistica\/wp-content\/uploads\/2020\/02\/Carro-Boa-Vista-Manausv2-768x547.jpg 768w\" sizes=\"(max-width: 900px) 100vw, 900px\" \/><\/div><\/a>\n\t\t\t\t<div class=\"elementor-post__text\">\n\t\t\t\t<h3 class=\"elementor-post__title\">\n\t\t\t<a href=\"https:\/\/lojadesites.com.br\/logistica\/transporte-de-carro-de-boa-vista-a-manaus-e-belem\/\" >\n\t\t\t\tTransporte de Carro de Boa Vista a Manaus e Bel\u00e9m\t\t\t<\/a>\n\t\t<\/h3>\n\t\t\t\t<\/div>\n\t\t\t\t\t<\/div>\n\t\t<\/article>\n\t\t\t\t<article class=\"elementor-post elementor-grid-item post-186 post type-post status-publish format-standard has-post-thumbnail hentry category-servicos category-veiculos tag-transporte-de-caminhao-em-balsa tag-transporte-de-carro-em-balsa tag-transporte-de-veiculos-em-manaus\" role=\"listitem\">\n\t\t\t<div class=\"elementor-post__card\">\n\t\t\t\t<a class=\"elementor-post__thumbnail__link\" href=\"https:\/\/lojadesites.com.br\/logistica\/transportadora-de-veiculos-em-manaus-amazonas\/\" tabindex=\"-1\" ><div class=\"elementor-post__thumbnail\"><img decoding=\"async\" width=\"900\" height=\"438\" src=\"https:\/\/lojadesites.com.br\/logistica\/wp-content\/uploads\/2017\/07\/cegonheiro.png\" class=\"attachment-full size-full wp-image-150\" alt=\"Transporte de ve\u00edculos para todo o Brasil\" srcset=\"https:\/\/lojadesites.com.br\/logistica\/wp-content\/uploads\/2017\/07\/cegonheiro.png 900w,  https:\/\/lojadesites.com.br\/logistica\/wp-content\/uploads\/2017\/07\/cegonheiro-600x292.png 600w,  https:\/\/lojadesites.com.br\/logistica\/wp-content\/uploads\/2017\/07\/cegonheiro-300x146.png 300w,  https:\/\/lojadesites.com.br\/logistica\/wp-content\/uploads\/2017\/07\/cegonheiro-768x374.png 768w\" sizes=\"(max-width: 900px) 100vw, 900px\" \/><\/div><\/a>\n\t\t\t\t<div class=\"elementor-post__text\">\n\t\t\t\t<h3 class=\"elementor-post__title\">\n\t\t\t<a href=\"https:\/\/lojadesites.com.br\/logistica\/transportadora-de-veiculos-em-manaus-amazonas\/\" >\n\t\t\t\tTransportadora de Ve\u00edculos em Manaus, Amazonas\t\t\t<\/a>\n\t\t<\/h3>\n\t\t\t\t<\/div>\n\t\t\t\t\t<\/div>\n\t\t<\/article>\n\t\t\t\t<article class=\"elementor-post elementor-grid-item post-149 post type-post status-publish format-standard has-post-thumbnail hentry category-servicos category-veiculos tag-caminhao-cegonha-manaus tag-transportadora-de-veiculos tag-transporte-de-caminhao-em-balsa tag-transporte-de-carro-em-balsa tag-transporte-de-veiculos-em-manaus\" role=\"listitem\">\n\t\t\t<div class=\"elementor-post__card\">\n\t\t\t\t<a class=\"elementor-post__thumbnail__link\" href=\"https:\/\/lojadesites.com.br\/logistica\/transporte-de-carro-de-manaus-para-todo-o-brasil\/\" tabindex=\"-1\" ><div class=\"elementor-post__thumbnail\"><img decoding=\"async\" width=\"900\" height=\"438\" src=\"https:\/\/lojadesites.com.br\/logistica\/wp-content\/uploads\/2017\/07\/cegonheiro.png\" class=\"attachment-full size-full wp-image-150\" alt=\"Transporte de ve\u00edculos para todo o Brasil\" srcset=\"https:\/\/lojadesites.com.br\/logistica\/wp-content\/uploads\/2017\/07\/cegonheiro.png 900w,  https:\/\/lojadesites.com.br\/logistica\/wp-content\/uploads\/2017\/07\/cegonheiro-600x292.png 600w,  https:\/\/lojadesites.com.br\/logistica\/wp-content\/uploads\/2017\/07\/cegonheiro-300x146.png 300w,  https:\/\/lojadesites.com.br\/logistica\/wp-content\/uploads\/2017\/07\/cegonheiro-768x374.png 768w\" sizes=\"(max-width: 900px) 100vw, 900px\" \/><\/div><\/a>\n\t\t\t\t<div class=\"elementor-post__text\">\n\t\t\t\t<h3 class=\"elementor-post__title\">\n\t\t\t<a href=\"https:\/\/lojadesites.com.br\/logistica\/transporte-de-carro-de-manaus-para-todo-o-brasil\/\" >\n\t\t\t\tTransporte de Carro de Manaus para todo o Brasil\t\t\t<\/a>\n\t\t<\/h3>\n\t\t\t\t<\/div>\n\t\t\t\t\t<\/div>\n\t\t<\/article>\n\t\t\t\t<\/div>\n\t\t\n\t\t\t\t\t\t<\/div>\n\t\t\t\t<\/div>\n\t\t\t\t\t<\/div>\n\t\t<\/div>\n\t\t\t\t\t<\/div>\n\t\t<\/section>\n\t\t\t\t<\/div>","protected":false},"excerpt":{"rendered":"<p>Transportamos seu carro no prazo e com cobertura de seguro A Transguia Mudan\u00e7as e Log\u00edstica oferece solu\u00e7\u00f5es seguras e eficientes para o transporte de ve\u00edculos<\/p>","protected":false},"author":1,"featured_media":0,"parent":0,"menu_order":0,"comment_status":"closed","ping_status":"closed","template":"","meta":{"footnotes":""},"class_list":["post-1010","page","type-page","status-publish","hentry"],"_links":{"self":[{"href":"https:\/\/lojadesites.com.br\/logistica\/wp-json\/wp\/v2\/pages\/1010","targetHints":{"allow":["GET"]}}],"collection":[{"href":"https:\/\/lojadesites.com.br\/logistica\/wp-json\/wp\/v2\/pages"}],"about":[{"href":"https:\/\/lojadesites.com.br\/logistica\/wp-json\/wp\/v2\/types\/page"}],"author":[{"embeddable":true,"href":"https:\/\/lojadesites.com.br\/logistica\/wp-json\/wp\/v2\/users\/1"}],"replies":[{"embeddable":true,"href":"https:\/\/lojadesites.com.br\/logistica\/wp-json\/wp\/v2\/comments?post=1010"}],"version-history":[{"count":3,"href":"https:\/\/lojadesites.com.br\/logistica\/wp-json\/wp\/v2\/pages\/1010\/revisions"}],"predecessor-version":[{"id":1745,"href":"https:\/\/lojadesites.com.br\/logistica\/wp-json\/wp\/v2\/pages\/1010\/revisions\/1745"}],"wp:attachment":[{"href":"https:\/\/lojadesites.com.br\/logistica\/wp-json\/wp\/v2\/media?parent=1010"}],"curies":[{"name":"wp","href":"https:\/\/api.w.org\/{rel}","templated":true}]}}