{"id":5230,"date":"2026-01-11T09:13:43","date_gmt":"2026-01-11T13:13:43","guid":{"rendered":"https:\/\/lojadesites.com.br\/dentista\/?page_id=5230"},"modified":"2026-01-11T09:43:38","modified_gmt":"2026-01-11T13:43:38","slug":"politica-de-privacidade","status":"publish","type":"page","link":"https:\/\/lojadesites.com.br\/dentista\/politica-de-privacidade\/","title":{"rendered":"Pol\u00edtica de Privacidade"},"content":{"rendered":"\t\t<div data-elementor-type=\"wp-page\" data-elementor-id=\"5230\" class=\"elementor elementor-5230\" data-elementor-post-type=\"page\">\n\t\t\t\t\t\t<section class=\"elementor-section elementor-top-section elementor-element elementor-element-1e9e4d29 elementor-section-content-middle elementor-section-height-min-height elementor-section-boxed elementor-section-height-default elementor-section-items-middle\" data-id=\"1e9e4d29\" data-element_type=\"section\" data-e-type=\"section\" data-settings=\"{&quot;background_background&quot;:&quot;classic&quot;}\">\n\t\t\t\t\t\t\t<div class=\"elementor-background-overlay\"><\/div>\n\t\t\t\t\t\t\t<div class=\"elementor-container elementor-column-gap-default\">\n\t\t\t\t\t<div class=\"elementor-column elementor-col-50 elementor-top-column elementor-element elementor-element-6f22d451\" data-id=\"6f22d451\" data-element_type=\"column\" data-e-type=\"column\">\n\t\t\t<div class=\"elementor-widget-wrap elementor-element-populated\">\n\t\t\t\t\t\t<div class=\"elementor-element elementor-element-77265fd1 elementor-widget elementor-widget-heading\" data-id=\"77265fd1\" data-element_type=\"widget\" data-e-type=\"widget\" data-widget_type=\"heading.default\">\n\t\t\t\t\t<h2 class=\"elementor-heading-title elementor-size-default\">Pol\u00edtica de Privacidade<\/h2>\t\t\t\t<\/div>\n\t\t\t\t\t<\/div>\n\t\t<\/div>\n\t\t\t\t<div class=\"elementor-column elementor-col-50 elementor-top-column elementor-element elementor-element-545b91e4\" data-id=\"545b91e4\" data-element_type=\"column\" data-e-type=\"column\">\n\t\t\t<div class=\"elementor-widget-wrap\">\n\t\t\t\t\t\t\t<\/div>\n\t\t<\/div>\n\t\t\t\t\t<\/div>\n\t\t<\/section>\n\t\t<div class=\"elementor-element elementor-element-6034171f e-flex e-con-boxed e-con e-parent\" data-id=\"6034171f\" data-element_type=\"container\" data-e-type=\"container\" data-settings=\"{&quot;background_background&quot;:&quot;classic&quot;}\">\n\t\t\t\t\t<div class=\"e-con-inner\">\n\t\t<div class=\"elementor-element elementor-element-7bbaf8f8 e-con-full e-flex e-con e-child\" data-id=\"7bbaf8f8\" data-element_type=\"container\" data-e-type=\"container\" data-settings=\"{&quot;background_background&quot;:&quot;classic&quot;}\">\n\t\t\t\t<div class=\"elementor-element elementor-element-25e3e8a2 elementor-widget elementor-widget-text-editor\" data-id=\"25e3e8a2\" data-element_type=\"widget\" data-e-type=\"widget\" data-widget_type=\"text-editor.default\">\n\t\t\t\t\t\t\t\t\t<h2 data-start=\"190\" data-end=\"216\">Pol\u00edtica de Privacidade<\/h2><p data-start=\"218\" data-end=\"555\">A <strong data-start=\"220\" data-end=\"243\">Cl\u00ednica Para Sorrir<\/strong>, cl\u00ednica odontol\u00f3gica localizada em Manaus \u2013 AM, valoriza a privacidade e a seguran\u00e7a dos dados pessoais de seus pacientes, visitantes e usu\u00e1rios do site. Esta Pol\u00edtica de Privacidade explica como coletamos, utilizamos, armazenamos e protegemos suas informa\u00e7\u00f5es, bem como os seus direitos como titular de dados.<\/p><h3 data-start=\"557\" data-end=\"588\">1. Coleta de Dados Pessoais<\/h3><p data-start=\"589\" data-end=\"725\">Podemos coletar dados pessoais fornecidos diretamente pelo usu\u00e1rio por meio de formul\u00e1rios, agendamentos e canais de contato, tais como:<\/p><ul data-start=\"726\" data-end=\"888\"><li data-start=\"726\" data-end=\"743\"><p data-start=\"728\" data-end=\"743\">Nome completo<\/p><\/li><li data-start=\"744\" data-end=\"767\"><p data-start=\"746\" data-end=\"767\">Telefone e WhatsApp<\/p><\/li><li data-start=\"768\" data-end=\"790\"><p data-start=\"770\" data-end=\"790\">Endere\u00e7o de e-mail<\/p><\/li><li data-start=\"791\" data-end=\"835\"><p data-start=\"793\" data-end=\"835\">Informa\u00e7\u00f5es necess\u00e1rias para agendamento<\/p><\/li><li data-start=\"836\" data-end=\"888\"><p data-start=\"838\" data-end=\"888\">Dados cl\u00ednicos e odontol\u00f3gicos, quando aplic\u00e1vel<\/p><\/li><\/ul><p data-start=\"890\" data-end=\"1045\">Tamb\u00e9m podemos coletar dados automaticamente, como endere\u00e7o IP, tipo de navegador e p\u00e1ginas acessadas, com o objetivo de melhorar a experi\u00eancia do usu\u00e1rio.<\/p><h3 data-start=\"1047\" data-end=\"1087\">2. Finalidade do Tratamento de Dados<\/h3><p data-start=\"1088\" data-end=\"1127\">Os dados coletados s\u00e3o utilizados para:<\/p><ul data-start=\"1128\" data-end=\"1348\"><li data-start=\"1128\" data-end=\"1170\"><p data-start=\"1130\" data-end=\"1170\">Agendamento e confirma\u00e7\u00e3o de consultas<\/p><\/li><li data-start=\"1171\" data-end=\"1210\"><p data-start=\"1173\" data-end=\"1210\">Presta\u00e7\u00e3o de servi\u00e7os odontol\u00f3gicos<\/p><\/li><li data-start=\"1211\" data-end=\"1251\"><p data-start=\"1213\" data-end=\"1251\">Comunica\u00e7\u00e3o com pacientes e usu\u00e1rios<\/p><\/li><li data-start=\"1252\" data-end=\"1303\"><p data-start=\"1254\" data-end=\"1303\">Cumprimento de obriga\u00e7\u00f5es legais e regulat\u00f3rias<\/p><\/li><li data-start=\"1304\" data-end=\"1348\"><p data-start=\"1306\" data-end=\"1348\">Melhoria cont\u00ednua dos servi\u00e7os e do site<\/p><\/li><\/ul><p data-start=\"1350\" data-end=\"1438\">Os dados s\u00e3o tratados de forma l\u00edcita, transparente e limitada \u00e0s finalidades descritas.<\/p><h3 data-start=\"1440\" data-end=\"1472\">3. Compartilhamento de Dados<\/h3><p data-start=\"1473\" data-end=\"1561\">A Cl\u00ednica Para Sorrir poder\u00e1 compartilhar dados pessoais apenas quando necess\u00e1rio, como:<\/p><ul data-start=\"1562\" data-end=\"1669\"><li data-start=\"1562\" data-end=\"1593\"><p data-start=\"1564\" data-end=\"1593\">Com conv\u00eanios odontol\u00f3gicos<\/p><\/li><li data-start=\"1594\" data-end=\"1620\"><p data-start=\"1596\" data-end=\"1620\">Laborat\u00f3rios parceiros<\/p><\/li><li data-start=\"1621\" data-end=\"1669\"><p data-start=\"1623\" data-end=\"1669\">Autoridades p\u00fablicas, quando exigido por lei<\/p><\/li><\/ul><p data-start=\"1671\" data-end=\"1760\">Em todos os casos, o compartilhamento ocorre de forma segura e dentro dos limites legais.<\/p><h3 data-start=\"1762\" data-end=\"1794\">4. Armazenamento e Seguran\u00e7a<\/h3><p data-start=\"1795\" data-end=\"2106\">Adotamos medidas t\u00e9cnicas e administrativas adequadas para proteger os dados pessoais contra acessos n\u00e3o autorizados, perda, destrui\u00e7\u00e3o, altera\u00e7\u00e3o ou divulga\u00e7\u00e3o indevida. Os dados s\u00e3o armazenados apenas pelo tempo necess\u00e1rio para cumprir as finalidades para as quais foram coletados ou conforme exigido por lei.<\/p><h3 data-start=\"2108\" data-end=\"2144\">5. Direitos do Titular dos Dados<\/h3><p data-start=\"2145\" data-end=\"2201\">De acordo com a LGPD, o titular dos dados tem direito a:<\/p><ul data-start=\"2202\" data-end=\"2432\"><li data-start=\"2202\" data-end=\"2251\"><p data-start=\"2204\" data-end=\"2251\">Confirmar a exist\u00eancia de tratamento de dados<\/p><\/li><li data-start=\"2252\" data-end=\"2283\"><p data-start=\"2254\" data-end=\"2283\">Acessar seus dados pessoais<\/p><\/li><li data-start=\"2284\" data-end=\"2342\"><p data-start=\"2286\" data-end=\"2342\">Corrigir dados incompletos, inexatos ou desatualizados<\/p><\/li><li data-start=\"2343\" data-end=\"2394\"><p data-start=\"2345\" data-end=\"2394\">Solicitar a exclus\u00e3o de dados, quando aplic\u00e1vel<\/p><\/li><li data-start=\"2395\" data-end=\"2432\"><p data-start=\"2397\" data-end=\"2432\">Revogar consentimentos concedidos<\/p><\/li><\/ul><p data-start=\"2434\" data-end=\"2523\">As solicita\u00e7\u00f5es podem ser realizadas por meio dos canais oficiais da Cl\u00ednica Para Sorrir.<\/p><h3 data-start=\"2525\" data-end=\"2546\">6. Uso de Cookies<\/h3><p data-start=\"2547\" data-end=\"2818\">Este site pode utilizar cookies para melhorar a navega\u00e7\u00e3o, analisar estat\u00edsticas de uso e personalizar conte\u00fados. O usu\u00e1rio pode, a qualquer momento, configurar seu navegador para recusar ou excluir cookies, ciente de que isso pode afetar algumas funcionalidades do site.<\/p><h3 data-start=\"2820\" data-end=\"2856\">7. Links para Sites de Terceiros<\/h3><p data-start=\"2857\" data-end=\"3019\">Nosso site pode conter links para p\u00e1ginas externas. A Cl\u00ednica Para Sorrir n\u00e3o se responsabiliza pelas pol\u00edticas de privacidade ou conte\u00fados de sites de terceiros.<\/p><h3 data-start=\"3021\" data-end=\"3053\">8. Altera\u00e7\u00f5es nesta Pol\u00edtica<\/h3><p data-start=\"3054\" data-end=\"3227\">Esta Pol\u00edtica de Privacidade pode ser atualizada periodicamente para refletir mudan\u00e7as legais ou melhorias em nossos processos. Recomendamos a consulta regular desta p\u00e1gina.<\/p><h3 data-start=\"3229\" data-end=\"3243\">9. Contato<\/h3><p data-start=\"3244\" data-end=\"3458\">Em caso de d\u00favidas, solicita\u00e7\u00f5es ou esclarecimentos sobre esta Pol\u00edtica de Privacidade ou sobre o tratamento de dados pessoais, entre em contato com a <strong data-start=\"3395\" data-end=\"3418\">Cl\u00ednica Para Sorrir<\/strong> pelos canais dispon\u00edveis em nosso site.<\/p>\t\t\t\t\t\t\t\t<\/div>\n\t\t\t\t<\/div>\n\t\t\t\t\t<\/div>\n\t\t\t\t<\/div>\n\t\t\t\t<\/div>\n\t\t","protected":false},"excerpt":{"rendered":"<p>Pol\u00edtica de Privacidade A Cl\u00ednica Para Sorrir, cl\u00ednica odontol\u00f3gica localizada em Manaus \u2013 AM, valoriza a privacidade e a seguran\u00e7a dos dados pessoais de seus pacientes, visitantes e usu\u00e1rios do site. Esta Pol\u00edtica de Privacidade explica como coletamos, utilizamos, armazenamos e protegemos suas informa\u00e7\u00f5es, bem como os seus direitos como titular de dados. 1. Coleta [&hellip;]<\/p>\n","protected":false},"author":1,"featured_media":0,"parent":0,"menu_order":0,"comment_status":"closed","ping_status":"closed","template":"","meta":{"footnotes":""},"class_list":["post-5230","page","type-page","status-publish","hentry"],"aioseo_notices":[],"_links":{"self":[{"href":"https:\/\/lojadesites.com.br\/dentista\/wp-json\/wp\/v2\/pages\/5230","targetHints":{"allow":["GET"]}}],"collection":[{"href":"https:\/\/lojadesites.com.br\/dentista\/wp-json\/wp\/v2\/pages"}],"about":[{"href":"https:\/\/lojadesites.com.br\/dentista\/wp-json\/wp\/v2\/types\/page"}],"author":[{"embeddable":true,"href":"https:\/\/lojadesites.com.br\/dentista\/wp-json\/wp\/v2\/users\/1"}],"replies":[{"embeddable":true,"href":"https:\/\/lojadesites.com.br\/dentista\/wp-json\/wp\/v2\/comments?post=5230"}],"version-history":[{"count":4,"href":"https:\/\/lojadesites.com.br\/dentista\/wp-json\/wp\/v2\/pages\/5230\/revisions"}],"predecessor-version":[{"id":5260,"href":"https:\/\/lojadesites.com.br\/dentista\/wp-json\/wp\/v2\/pages\/5230\/revisions\/5260"}],"wp:attachment":[{"href":"https:\/\/lojadesites.com.br\/dentista\/wp-json\/wp\/v2\/media?parent=5230"}],"curies":[{"name":"wp","href":"https:\/\/api.w.org\/{rel}","templated":true}]}}