{"id":4634,"date":"2025-04-17T14:26:01","date_gmt":"2025-04-17T18:26:01","guid":{"rendered":"https:\/\/lojadesites.com.br\/dentista\/?page_id=4634"},"modified":"2026-01-15T10:30:54","modified_gmt":"2026-01-15T14:30:54","slug":"convenios","status":"publish","type":"page","link":"https:\/\/lojadesites.com.br\/dentista\/convenios\/","title":{"rendered":"Conv\u00eanios"},"content":{"rendered":"\t\t<div data-elementor-type=\"wp-page\" data-elementor-id=\"4634\" class=\"elementor elementor-4634\" data-elementor-post-type=\"page\">\n\t\t\t\t\t\t<section class=\"elementor-section elementor-top-section elementor-element elementor-element-865151e elementor-section-content-middle elementor-section-height-min-height elementor-section-boxed elementor-section-height-default elementor-section-items-middle\" data-id=\"865151e\" data-element_type=\"section\" data-e-type=\"section\" data-settings=\"{&quot;background_background&quot;:&quot;classic&quot;}\">\n\t\t\t\t\t\t\t<div class=\"elementor-background-overlay\"><\/div>\n\t\t\t\t\t\t\t<div class=\"elementor-container elementor-column-gap-default\">\n\t\t\t\t\t<div class=\"elementor-column elementor-col-50 elementor-top-column elementor-element elementor-element-7cf2877c\" data-id=\"7cf2877c\" data-element_type=\"column\" data-e-type=\"column\">\n\t\t\t<div class=\"elementor-widget-wrap elementor-element-populated\">\n\t\t\t\t\t\t<div class=\"elementor-element elementor-element-51801a55 elementor-widget elementor-widget-heading\" data-id=\"51801a55\" data-element_type=\"widget\" data-e-type=\"widget\" data-widget_type=\"heading.default\">\n\t\t\t\t\t<h2 class=\"elementor-heading-title elementor-size-default\">Conv\u00eanios<\/h2>\t\t\t\t<\/div>\n\t\t\t\t\t<\/div>\n\t\t<\/div>\n\t\t\t\t<div class=\"elementor-column elementor-col-50 elementor-top-column elementor-element elementor-element-7a295dfd\" data-id=\"7a295dfd\" data-element_type=\"column\" data-e-type=\"column\">\n\t\t\t<div class=\"elementor-widget-wrap\">\n\t\t\t\t\t\t\t<\/div>\n\t\t<\/div>\n\t\t\t\t\t<\/div>\n\t\t<\/section>\n\t\t<div class=\"elementor-element elementor-element-af0c435 e-con-full e-flex e-con e-parent\" data-id=\"af0c435\" data-element_type=\"container\" data-e-type=\"container\" data-settings=\"{&quot;background_background&quot;:&quot;classic&quot;}\">\n\t\t\t\t<div class=\"elementor-element elementor-element-39562f3 elementor-widget__width-inherit elementor-widget elementor-widget-jkit_client_logo\" data-id=\"39562f3\" data-element_type=\"widget\" data-e-type=\"widget\" data-widget_type=\"jkit_client_logo.default\">\n\t\t\t\t\t<div  class=\"jeg-elementor-kit jkit-client-logo arrow-middle-edge jeg_module___69fb65d353b8a\"  data-id=\"jeg_module___69fb65d353b8a\" data-settings=\"{&quot;autoplay&quot;:true,&quot;autoplay_speed&quot;:3500,&quot;autoplay_hover_pause&quot;:true,&quot;show_navigation&quot;:true,&quot;navigation_left&quot;:&quot;&lt;span&gt;&lt;i aria-hidden=\\&quot;true\\&quot; class=\\&quot;fas fa-angle-left\\&quot;&gt;&lt;\\\/i&gt;&lt;\\\/span&gt;&quot;,&quot;navigation_right&quot;:&quot;&lt;span&gt;&lt;i aria-hidden=\\&quot;true\\&quot; class=\\&quot;fas fa-angle-right\\&quot;&gt;&lt;\\\/i&gt;&lt;\\\/span&gt;&quot;,&quot;show_dots&quot;:false,&quot;arrow_position&quot;:&quot;bottom&quot;,&quot;responsive&quot;:{&quot;desktop&quot;:{&quot;items&quot;:7,&quot;margin&quot;:20,&quot;breakpoint&quot;:1025},&quot;tablet&quot;:{&quot;items&quot;:7,&quot;margin&quot;:20,&quot;breakpoint&quot;:768},&quot;mobile&quot;:{&quot;items&quot;:7,&quot;margin&quot;:20,&quot;breakpoint&quot;:0}}}\"><div class=\"client-list\"><div class=\"client-track\"><div class=\"client-slider item \"><div class=\"image-list\"><div class=\"content-image\"><img decoding=\"async\" width=\"300\" height=\"150\" src=\"https:\/\/lojadesites.com.br\/dentista\/wp-content\/uploads\/2025\/06\/UnnaOdontoprev.jpg.webp\" class=\"main-image\" alt=\"\" url=\"https:\/\/lojadesites.com.br\/dentista\/wp-content\/uploads\/2025\/06\/UnnaOdontoprev.jpg.webp\" source=\"library\" \/><\/div><\/div><\/div><div class=\"client-slider item \"><div class=\"image-list\"><div class=\"content-image\"><img decoding=\"async\" width=\"300\" height=\"150\" src=\"https:\/\/lojadesites.com.br\/dentista\/wp-content\/uploads\/2025\/06\/UnnaOdontoprev-1.jpg.webp\" class=\"main-image\" alt=\"\" url=\"https:\/\/lojadesites.com.br\/dentista\/wp-content\/uploads\/2025\/06\/UnnaOdontoprev-1.jpg.webp\" source=\"library\" \/><\/div><\/div><\/div><div class=\"client-slider item \"><div class=\"image-list\"><div class=\"content-image\"><img decoding=\"async\" width=\"300\" height=\"150\" src=\"https:\/\/lojadesites.com.br\/dentista\/wp-content\/uploads\/2025\/06\/BradescoDental.jpg.webp\" class=\"main-image\" alt=\"\" url=\"https:\/\/lojadesites.com.br\/dentista\/wp-content\/uploads\/2025\/06\/BradescoDental.jpg.webp\" source=\"library\" \/><\/div><\/div><\/div><div class=\"client-slider item \"><div class=\"image-list\"><div class=\"content-image\"><img loading=\"lazy\" decoding=\"async\" width=\"300\" height=\"150\" src=\"https:\/\/lojadesites.com.br\/dentista\/wp-content\/uploads\/2025\/06\/CAAM.jpg.webp\" class=\"main-image\" alt=\"\" url=\"https:\/\/lojadesites.com.br\/dentista\/wp-content\/uploads\/2025\/06\/CAAM.jpg.webp\" source=\"library\" \/><\/div><\/div><\/div><div class=\"client-slider item \"><div class=\"image-list\"><div class=\"content-image\"><img loading=\"lazy\" decoding=\"async\" width=\"300\" height=\"150\" src=\"https:\/\/lojadesites.com.br\/dentista\/wp-content\/uploads\/2025\/06\/hapdivda.jpg.webp\" class=\"main-image\" alt=\"\" url=\"https:\/\/lojadesites.com.br\/dentista\/wp-content\/uploads\/2025\/06\/hapdivda.jpg.webp\" source=\"library\" \/><\/div><\/div><\/div><div class=\"client-slider item \"><div class=\"image-list\"><div class=\"content-image\"><img loading=\"lazy\" decoding=\"async\" width=\"300\" height=\"150\" src=\"https:\/\/lojadesites.com.br\/dentista\/wp-content\/uploads\/2025\/06\/sulamerica.jpg.webp\" class=\"main-image\" alt=\"\" url=\"https:\/\/lojadesites.com.br\/dentista\/wp-content\/uploads\/2025\/06\/sulamerica.jpg.webp\" source=\"library\" \/><\/div><\/div><\/div><div class=\"client-slider item \"><div class=\"image-list\"><div class=\"content-image\"><img loading=\"lazy\" decoding=\"async\" width=\"300\" height=\"150\" src=\"https:\/\/lojadesites.com.br\/dentista\/wp-content\/uploads\/2025\/06\/AmilDental.jpg.webp\" class=\"main-image\" alt=\"\" url=\"https:\/\/lojadesites.com.br\/dentista\/wp-content\/uploads\/2025\/06\/AmilDental.jpg.webp\" source=\"library\" \/><\/div><\/div><\/div><\/div><\/div><\/div>\t\t\t\t<\/div>\n\t\t\t\t<\/div>\n\t\t\t\t<section class=\"elementor-section elementor-top-section elementor-element elementor-element-0307357 elementor-section-boxed elementor-section-height-default elementor-section-height-default\" data-id=\"0307357\" data-element_type=\"section\" data-e-type=\"section\">\n\t\t\t\t\t\t<div class=\"elementor-container elementor-column-gap-default\">\n\t\t\t\t\t<div class=\"elementor-column elementor-col-100 elementor-top-column elementor-element elementor-element-f750c77\" data-id=\"f750c77\" data-element_type=\"column\" data-e-type=\"column\">\n\t\t\t<div class=\"elementor-widget-wrap elementor-element-populated\">\n\t\t\t\t\t\t<div class=\"elementor-element elementor-element-3c3b619 elementor-widget elementor-widget-metform\" data-id=\"3c3b619\" data-element_type=\"widget\" data-e-type=\"widget\" data-widget_type=\"metform.default\">\n\t\t\t\t\t<div id=\"mf-response-props-id-116\" data-previous-steps-style=\"\" data-editswitchopen=\"\" data-response_type=\"alert\" data-erroricon=\"fas fa-exclamation-triangle\" data-successicon=\"fas fa-check\" data-messageposition=\"top\" class=\"   mf-scroll-top-no\">\n\t\t<div class=\"formpicker_warper formpicker_warper_editable\" data-metform-formpicker-key=\"116\" >\n\t\t\t\t\n\t\t\t<div class=\"mf-widget-container\">\n\t\t\t\t\r\n\t\t<div\r\n\t\t\tid=\"metform-wrap-3c3b619-116\"\r\n\t\t\tclass=\"mf-form-wrapper\"\r\n\t\t\tdata-form-id=\"116\"\r\n\t\t\tdata-action=\"https:\/\/lojadesites.com.br\/dentista\/wp-json\/metform\/v1\/entries\/insert\/116\"\r\n\t\t\tdata-wp-nonce=\"9c72453ab9\"\r\n\t\t\tdata-form-nonce=\"7b75371aa7\"\r\n\t\t\tdata-quiz-summery = \"false\"\r\n\t\t\tdata-save-progress = \"false\"\r\n\t\t\tdata-form-type=\"contact_form\"\r\n\t\t\tdata-stop-vertical-effect=\"\"\r\n\t\t\t><\/div>\r\n\r\n\r\n\t\t<!----------------------------- \r\n\t\t\t* controls_data : find the the props passed indie of data attribute\r\n\t\t\t* props.SubmitResponseMarkup : contains the markup of error or success message\r\n\t\t\t* https:\/\/developer.mozilla.org\/en-US\/docs\/Web\/JavaScript\/Reference\/Template_literals\r\n\t\t--------------------------- -->\r\n\r\n\t\t\t\t<script type=\"text\/mf\" class=\"mf-template\">\r\n\t\t\tfunction controls_data (value){\r\n\t\t\t\tlet currentWrapper = \"mf-response-props-id-116\";\r\n\t\t\t\tlet currentEl = document.getElementById(currentWrapper);\r\n\t\t\t\t\r\n\t\t\t\treturn currentEl ? currentEl.dataset[value] : false\r\n\t\t\t}\r\n\r\n\r\n\t\t\tlet is_edit_mode = '' ? true : false;\r\n\t\t\tlet message_position = controls_data('messageposition') || 'top';\r\n\r\n\t\t\t\r\n\t\t\tlet message_successIcon = controls_data('successicon') || '';\r\n\t\t\tlet message_errorIcon = controls_data('erroricon') || '';\r\n\t\t\tlet message_editSwitch = controls_data('editswitchopen') === 'yes' ? true : false;\r\n\t\t\tlet message_proClass = controls_data('editswitchopen') === 'yes' ? 'mf_pro_activated' : '';\r\n\t\t\t\r\n\t\t\tlet is_dummy_markup = is_edit_mode && message_editSwitch ? true : false;\r\n\r\n\t\t\t\r\n\t\t\treturn html`\r\n\t\t\t\t<form\r\n\t\t\t\t\tclassName=\"metform-form-content\"\r\n\t\t\t\t\tref=${parent.formContainerRef}\r\n\t\t\t\t\tonSubmit=${ validation.handleSubmit( parent.handleFormSubmit ) }\r\n\t\t\t\t\r\n\t\t\t\t\t>\r\n\t\t\t\r\n\t\t\t\r\n\t\t\t\t\t${is_dummy_markup ? message_position === 'top' ?  props.ResponseDummyMarkup(message_successIcon, message_proClass) : '' : ''}\r\n\t\t\t\t\t${is_dummy_markup ? ' ' :  message_position === 'top' ? props.SubmitResponseMarkup`${parent}${state}${message_successIcon}${message_errorIcon}${message_proClass}` : ''}\r\n\r\n\t\t\t\t\t<!--------------------------------------------------------\r\n\t\t\t\t\t*** IMPORTANT \/ DANGEROUS ***\r\n\t\t\t\t\t${html``} must be used as in immediate child of \"metform-form-main-wrapper\"\r\n\t\t\t\t\tclass otherwise multistep form will not run at all\r\n\t\t\t\t\t---------------------------------------------------------->\r\n\r\n\t\t\t\t\t<div className=\"metform-form-main-wrapper\" key=${'hide-form-after-submit'} ref=${parent.formRef}>\r\n\t\t\t\t\t${html`\r\n\t\t\t\t\t\t\t\t\t\t\t`}\r\n\t\t\t\t\t<\/div>\r\n\r\n\t\t\t\t\t${is_dummy_markup ? message_position === 'bottom' ? props.ResponseDummyMarkup(message_successIcon, message_proClass) : '' : ''}\r\n\t\t\t\t\t${is_dummy_markup ? ' ' : message_position === 'bottom' ? props.SubmitResponseMarkup`${parent}${state}${message_successIcon}${message_errorIcon}${message_proClass}` : ''}\r\n\t\t\t\t\r\n\t\t\t\t<\/form>\r\n\t\t\t`\r\n\t\t<\/script>\r\n\r\n\t\t\t\t\t<\/div>\n\t\t<\/div>\n\t\t<\/div>\t\t\t\t<\/div>\n\t\t\t\t\t<\/div>\n\t\t<\/div>\n\t\t\t\t\t<\/div>\n\t\t<\/section>\n\t\t\t\t<section class=\"elementor-section elementor-top-section elementor-element elementor-element-cbb4042 elementor-section-content-middle elementor-section-boxed elementor-section-height-default elementor-section-height-default\" data-id=\"cbb4042\" data-element_type=\"section\" data-e-type=\"section\" data-settings=\"{&quot;background_background&quot;:&quot;classic&quot;}\">\n\t\t\t\t\t\t<div class=\"elementor-container elementor-column-gap-default\">\n\t\t\t\t\t<div class=\"elementor-column elementor-col-50 elementor-top-column elementor-element elementor-element-d1f4e37\" data-id=\"d1f4e37\" data-element_type=\"column\" data-e-type=\"column\" data-settings=\"{&quot;background_background&quot;:&quot;classic&quot;}\">\n\t\t\t<div class=\"elementor-widget-wrap elementor-element-populated\">\n\t\t\t\t\t\t<div class=\"elementor-element elementor-element-ea7b07e animated-slow elementor-invisible elementor-widget elementor-widget-heading\" data-id=\"ea7b07e\" data-element_type=\"widget\" data-e-type=\"widget\" data-settings=\"{&quot;_animation&quot;:&quot;fadeInLeft&quot;}\" data-widget_type=\"heading.default\">\n\t\t\t\t\t<h5 class=\"elementor-heading-title elementor-size-default\">Conv\u00eanios<\/h5>\t\t\t\t<\/div>\n\t\t\t\t<div class=\"elementor-element elementor-element-f141259 elementor-widget elementor-widget-heading\" data-id=\"f141259\" data-element_type=\"widget\" data-e-type=\"widget\" data-widget_type=\"heading.default\">\n\t\t\t\t\t<h2 class=\"elementor-heading-title elementor-size-default\">Atendimento a Particulares e Conv\u00eanios Odontol\u00f3gicos<\/h2>\t\t\t\t<\/div>\n\t\t\t\t<div class=\"elementor-element elementor-element-920e8f1 elementor-widget elementor-widget-text-editor\" data-id=\"920e8f1\" data-element_type=\"widget\" data-e-type=\"widget\" data-widget_type=\"text-editor.default\">\n\t\t\t\t\t\t\t\t\t<div class=\"text-base my-auto mx-auto pb-10 [--thread-content-margin:--spacing(4)] @w-sm\/main:[--thread-content-margin:--spacing(6)] @w-lg\/main:[--thread-content-margin:--spacing(16)] px-(--thread-content-margin)\"><div class=\"[--thread-content-max-width:40rem] @w-lg\/main:[--thread-content-max-width:48rem] mx-auto max-w-(--thread-content-max-width) flex-1 group\/turn-messages focus-visible:outline-hidden relative flex w-full min-w-0 flex-col agent-turn\" tabindex=\"-1\"><div class=\"flex max-w-full flex-col grow\"><div class=\"min-h-8 text-message relative flex w-full flex-col items-end gap-2 text-start break-words whitespace-normal [.text-message+&amp;]:mt-1\" dir=\"auto\" data-message-author-role=\"assistant\" data-message-id=\"e20da86b-2995-4249-88ec-59a95dbf5dfc\" data-message-model-slug=\"gpt-5-2\"><div class=\"flex w-full flex-col gap-1 empty:hidden first:pt-[1px]\"><div class=\"markdown prose dark:prose-invert w-full break-words light markdown-new-styling\"><p data-start=\"58\" data-end=\"436\">Na <strong data-start=\"61\" data-end=\"84\">Cl\u00ednica Para Sorrir<\/strong>, buscamos oferecer um atendimento acess\u00edvel, transparente e de qualidade, atendendo tanto <strong data-start=\"175\" data-end=\"201\">pacientes particulares<\/strong> quanto <strong data-start=\"209\" data-end=\"253\">benefici\u00e1rios de conv\u00eanios odontol\u00f3gicos<\/strong>. Trabalhamos com diversos planos, cobrindo procedimentos como consultas, avalia\u00e7\u00f5es, limpezas, restaura\u00e7\u00f5es, extra\u00e7\u00f5es e outros tratamentos, de acordo com as normas de cada conv\u00eanio.<\/p><p data-start=\"438\" data-end=\"711\">Para pacientes particulares, oferecemos <strong data-start=\"478\" data-end=\"503\">or\u00e7amentos detalhados<\/strong>, explica\u00e7\u00e3o completa do plano de tratamento e <strong data-start=\"550\" data-end=\"588\">condi\u00e7\u00f5es facilitadas de pagamento<\/strong>, incluindo diferentes formas de parcelamento, sempre com foco em tornar o cuidado com a sa\u00fade bucal mais simples e vi\u00e1vel.<\/p><p data-start=\"713\" data-end=\"1112\" data-is-last-node=\"\" data-is-only-node=\"\">Nossa equipe est\u00e1 dispon\u00edvel para <strong data-start=\"747\" data-end=\"788\">verificar a aceita\u00e7\u00e3o do seu conv\u00eanio<\/strong>, confirmar coberturas, prazos e autoriza\u00e7\u00f5es, al\u00e9m de orientar sobre poss\u00edveis tratamentos n\u00e3o cobertos, apresentando alternativas adequadas \u00e0s suas necessidades.<\/p><p data-start=\"713\" data-end=\"1112\" data-is-last-node=\"\" data-is-only-node=\"\">Independentemente da forma de atendimento, todos os pacientes recebem o mesmo padr\u00e3o de qualidade, aten\u00e7\u00e3o humanizada e compromisso com o bem-estar e o sorriso.<\/p><\/div><\/div><\/div><\/div><\/div><\/div>\t\t\t\t\t\t\t\t<\/div>\n\t\t\t\t<div class=\"elementor-element elementor-element-9ccef7f elementor-align-center elementor-widget elementor-widget-button\" data-id=\"9ccef7f\" data-element_type=\"widget\" data-e-type=\"widget\" data-widget_type=\"button.default\">\n\t\t\t\t\t\t\t\t\t\t<a class=\"elementor-button elementor-button-link elementor-size-sm\" href=\"https:\/\/lojadesites.com.br\/dentista\/agendar-consulta\/\">\n\t\t\t\t\t\t<span class=\"elementor-button-content-wrapper\">\n\t\t\t\t\t\t\t\t\t<span class=\"elementor-button-text\">Agendar Consulta<\/span>\n\t\t\t\t\t<\/span>\n\t\t\t\t\t<\/a>\n\t\t\t\t\t\t\t\t<\/div>\n\t\t\t\t\t<\/div>\n\t\t<\/div>\n\t\t\t\t<div class=\"elementor-column elementor-col-50 elementor-top-column elementor-element elementor-element-f643c7f animated-slow elementor-invisible\" data-id=\"f643c7f\" data-element_type=\"column\" data-e-type=\"column\" data-settings=\"{&quot;animation&quot;:&quot;fadeIn&quot;,&quot;background_background&quot;:&quot;classic&quot;}\">\n\t\t\t<div class=\"elementor-widget-wrap elementor-element-populated\">\n\t\t\t\t\t\t<div class=\"elementor-element elementor-element-5d86b46 elementor-widget__width-inherit elementor-invisible elementor-widget elementor-widget-image\" data-id=\"5d86b46\" data-element_type=\"widget\" data-e-type=\"widget\" data-settings=\"{&quot;_animation&quot;:&quot;fadeIn&quot;}\" data-widget_type=\"image.default\">\n\t\t\t\t\t\t\t\t\t\t\t\t\t\t\t\t<a href=\"https:\/\/lojadesites.com.br\/dentista\/wp-content\/uploads\/2025\/06\/600X900-copiar.png\" data-elementor-open-lightbox=\"yes\" data-elementor-lightbox-title=\"600X900 copiar\" data-e-action-hash=\"#elementor-action%3Aaction%3Dlightbox%26settings%3DeyJpZCI6NTAxOSwidXJsIjoiaHR0cHM6XC9cL2xvamFkZXNpdGVzLmNvbS5iclwvZGVudGlzdGFcL3dwLWNvbnRlbnRcL3VwbG9hZHNcLzIwMjVcLzA2XC82MDBYOTAwLWNvcGlhci5wbmcifQ%3D%3D\">\n\t\t\t\t\t\t\t<img loading=\"lazy\" decoding=\"async\" width=\"600\" height=\"900\" src=\"https:\/\/lojadesites.com.br\/dentista\/wp-content\/uploads\/2025\/06\/600X900-copiar.png\" class=\"attachment-full size-full wp-image-5019\" alt=\"\" srcset=\"https:\/\/lojadesites.com.br\/dentista\/wp-content\/uploads\/2025\/06\/600X900-copiar.png 600w, https:\/\/lojadesites.com.br\/dentista\/wp-content\/uploads\/2025\/06\/600X900-copiar-200x300.png 200w\" sizes=\"(max-width: 600px) 100vw, 600px\" \/>\t\t\t\t\t\t\t\t<\/a>\n\t\t\t\t\t\t\t\t\t\t\t\t\t\t\t<\/div>\n\t\t\t\t\t<\/div>\n\t\t<\/div>\n\t\t\t\t\t<\/div>\n\t\t<\/section>\n\t\t\t\t<\/div>\n\t\t","protected":false},"excerpt":{"rendered":"<p>Conv\u00eanios Conv\u00eanios Atendimento a Particulares e Conv\u00eanios Odontol\u00f3gicos Na Cl\u00ednica Para Sorrir, buscamos oferecer um atendimento acess\u00edvel, transparente e de qualidade, atendendo tanto pacientes particulares quanto benefici\u00e1rios de conv\u00eanios odontol\u00f3gicos. Trabalhamos com diversos planos, cobrindo procedimentos como consultas, avalia\u00e7\u00f5es, limpezas, restaura\u00e7\u00f5es, extra\u00e7\u00f5es e outros tratamentos, de acordo com as normas de cada conv\u00eanio. Para pacientes [&hellip;]<\/p>\n","protected":false},"author":1,"featured_media":0,"parent":0,"menu_order":0,"comment_status":"closed","ping_status":"closed","template":"","meta":{"footnotes":""},"class_list":["post-4634","page","type-page","status-publish","hentry"],"aioseo_notices":[],"_links":{"self":[{"href":"https:\/\/lojadesites.com.br\/dentista\/wp-json\/wp\/v2\/pages\/4634","targetHints":{"allow":["GET"]}}],"collection":[{"href":"https:\/\/lojadesites.com.br\/dentista\/wp-json\/wp\/v2\/pages"}],"about":[{"href":"https:\/\/lojadesites.com.br\/dentista\/wp-json\/wp\/v2\/types\/page"}],"author":[{"embeddable":true,"href":"https:\/\/lojadesites.com.br\/dentista\/wp-json\/wp\/v2\/users\/1"}],"replies":[{"embeddable":true,"href":"https:\/\/lojadesites.com.br\/dentista\/wp-json\/wp\/v2\/comments?post=4634"}],"version-history":[{"count":64,"href":"https:\/\/lojadesites.com.br\/dentista\/wp-json\/wp\/v2\/pages\/4634\/revisions"}],"predecessor-version":[{"id":5342,"href":"https:\/\/lojadesites.com.br\/dentista\/wp-json\/wp\/v2\/pages\/4634\/revisions\/5342"}],"wp:attachment":[{"href":"https:\/\/lojadesites.com.br\/dentista\/wp-json\/wp\/v2\/media?parent=4634"}],"curies":[{"name":"wp","href":"https:\/\/api.w.org\/{rel}","templated":true}]}}