{"id":4588,"date":"2025-04-17T13:24:21","date_gmt":"2025-04-17T17:24:21","guid":{"rendered":"https:\/\/lojadesites.com.br\/dentista\/?page_id=4588"},"modified":"2026-01-15T10:28:53","modified_gmt":"2026-01-15T14:28:53","slug":"equipe","status":"publish","type":"page","link":"https:\/\/lojadesites.com.br\/dentista\/equipe\/","title":{"rendered":"Nossa Equipe"},"content":{"rendered":"\t\t<div data-elementor-type=\"wp-page\" data-elementor-id=\"4588\" class=\"elementor elementor-4588\" data-elementor-post-type=\"page\">\n\t\t\t\t\t\t<section class=\"elementor-section elementor-top-section elementor-element elementor-element-162db98 elementor-section-content-middle elementor-section-height-min-height elementor-section-boxed elementor-section-height-default elementor-section-items-middle\" data-id=\"162db98\" data-element_type=\"section\" data-e-type=\"section\" data-settings=\"{&quot;background_background&quot;:&quot;classic&quot;}\">\n\t\t\t\t\t\t\t<div class=\"elementor-background-overlay\"><\/div>\n\t\t\t\t\t\t\t<div class=\"elementor-container elementor-column-gap-default\">\n\t\t\t\t\t<div class=\"elementor-column elementor-col-50 elementor-top-column elementor-element elementor-element-ccde3d3\" data-id=\"ccde3d3\" data-element_type=\"column\" data-e-type=\"column\">\n\t\t\t<div class=\"elementor-widget-wrap elementor-element-populated\">\n\t\t\t\t\t\t<div class=\"elementor-element elementor-element-6c748b6 elementor-widget elementor-widget-heading\" data-id=\"6c748b6\" data-element_type=\"widget\" data-e-type=\"widget\" data-widget_type=\"heading.default\">\n\t\t\t\t\t<h2 class=\"elementor-heading-title elementor-size-default\">Nossa Equipe<\/h2>\t\t\t\t<\/div>\n\t\t\t\t\t<\/div>\n\t\t<\/div>\n\t\t\t\t<div class=\"elementor-column elementor-col-50 elementor-top-column elementor-element elementor-element-096a635\" data-id=\"096a635\" data-element_type=\"column\" data-e-type=\"column\">\n\t\t\t<div class=\"elementor-widget-wrap\">\n\t\t\t\t\t\t\t<\/div>\n\t\t<\/div>\n\t\t\t\t\t<\/div>\n\t\t<\/section>\n\t\t\t\t<section class=\"elementor-section elementor-top-section elementor-element elementor-element-211ce96 elementor-section-content-middle elementor-section-boxed elementor-section-height-default elementor-section-height-default\" data-id=\"211ce96\" data-element_type=\"section\" data-e-type=\"section\" data-settings=\"{&quot;background_background&quot;:&quot;classic&quot;}\">\n\t\t\t\t\t\t<div class=\"elementor-container elementor-column-gap-default\">\n\t\t\t\t\t<div class=\"elementor-column elementor-col-50 elementor-top-column elementor-element elementor-element-ed27376\" data-id=\"ed27376\" data-element_type=\"column\" data-e-type=\"column\" data-settings=\"{&quot;background_background&quot;:&quot;classic&quot;}\">\n\t\t\t<div class=\"elementor-widget-wrap elementor-element-populated\">\n\t\t\t\t\t\t<div class=\"elementor-element elementor-element-085c186 elementor-widget__width-inherit elementor-invisible elementor-widget elementor-widget-image\" data-id=\"085c186\" data-element_type=\"widget\" data-e-type=\"widget\" data-settings=\"{&quot;_animation&quot;:&quot;fadeIn&quot;}\" data-widget_type=\"image.default\">\n\t\t\t\t\t\t\t\t\t\t\t\t\t\t\t<img fetchpriority=\"high\" decoding=\"async\" width=\"600\" height=\"900\" src=\"https:\/\/lojadesites.com.br\/dentista\/wp-content\/uploads\/2026\/01\/cps-12.jpg\" class=\"attachment-large size-large wp-image-5152\" alt=\"\" srcset=\"https:\/\/lojadesites.com.br\/dentista\/wp-content\/uploads\/2026\/01\/cps-12.jpg 600w, https:\/\/lojadesites.com.br\/dentista\/wp-content\/uploads\/2026\/01\/cps-12-200x300.jpg 200w\" sizes=\"(max-width: 600px) 100vw, 600px\" \/>\t\t\t\t\t\t\t\t\t\t\t\t\t\t\t<\/div>\n\t\t\t\t\t<\/div>\n\t\t<\/div>\n\t\t\t\t<div class=\"elementor-column elementor-col-50 elementor-top-column elementor-element elementor-element-a3538ef\" data-id=\"a3538ef\" data-element_type=\"column\" data-e-type=\"column\" data-settings=\"{&quot;background_background&quot;:&quot;classic&quot;}\">\n\t\t\t<div class=\"elementor-widget-wrap elementor-element-populated\">\n\t\t\t\t\t\t<div class=\"elementor-element elementor-element-1e7b953 elementor-widget elementor-widget-heading\" data-id=\"1e7b953\" data-element_type=\"widget\" data-e-type=\"widget\" data-widget_type=\"heading.default\">\n\t\t\t\t\t<h5 class=\"elementor-heading-title elementor-size-default\">Nossa Filosofia<\/h5>\t\t\t\t<\/div>\n\t\t\t\t<div class=\"elementor-element elementor-element-f921f68 elementor-widget elementor-widget-heading\" data-id=\"f921f68\" data-element_type=\"widget\" data-e-type=\"widget\" data-widget_type=\"heading.default\">\n\t\t\t\t\t<h2 class=\"elementor-heading-title elementor-size-default\">Respeito, Aten\u00e7\u00e3o e Empatia<\/h2>\t\t\t\t<\/div>\n\t\t\t\t<div class=\"elementor-element elementor-element-c0ce664 elementor-widget elementor-widget-text-editor\" data-id=\"c0ce664\" data-element_type=\"widget\" data-e-type=\"widget\" data-widget_type=\"text-editor.default\">\n\t\t\t\t\t\t\t\t\t<p data-start=\"157\" data-end=\"623\">Na Cl\u00ednica Para Sorrir, acreditamos que um atendimento de qualidade come\u00e7a com pessoas que se importam de verdade. Por isso, reunimos uma equipe multidisciplinar formada por dentistas especializados, auxiliares e profissionais da sa\u00fade bucal que compartilham do mesmo prop\u00f3sito: <strong>cuidar de cada paciente com respeito, aten\u00e7\u00e3o e empatia.<\/strong><\/p><p data-start=\"157\" data-end=\"623\">Mais do que tratar dentes, nossa miss\u00e3o \u00e9 acolher pessoas e proporcionar uma experi\u00eancia positiva e transformadora em cada visita.<\/p><p data-start=\"625\" data-end=\"1170\">Prezamos pelo cuidado humanizado, o que significa ouvir com aten\u00e7\u00e3o, entender as necessidades individuais e oferecer solu\u00e7\u00f5es personalizadas, sem pressa e com total transpar\u00eancia.<\/p><p data-start=\"625\" data-end=\"1170\">Sabemos que muitas pessoas chegam ao consult\u00f3rio com receios ou experi\u00eancias negativas anteriores \u2014 por isso, buscamos construir uma rela\u00e7\u00e3o de confian\u00e7a desde o primeiro contato, criando um ambiente seguro, acolhedor e livre de julgamentos.<\/p><p data-start=\"625\" data-end=\"1170\">Nossa equipe est\u00e1 sempre dispon\u00edvel para esclarecer d\u00favidas e garantir que voc\u00ea se sinta tranquilo durante todo o processo.<\/p><p data-start=\"1172\" data-end=\"1652\">\u00a0<\/p>\t\t\t\t\t\t\t\t<\/div>\n\t\t\t\t\t<\/div>\n\t\t<\/div>\n\t\t\t\t\t<\/div>\n\t\t<\/section>\n\t\t\t\t<section class=\"elementor-section elementor-top-section elementor-element elementor-element-ae3e57c elementor-section-content-middle elementor-section-boxed elementor-section-height-default elementor-section-height-default\" data-id=\"ae3e57c\" data-element_type=\"section\" data-e-type=\"section\" data-settings=\"{&quot;background_background&quot;:&quot;classic&quot;}\">\n\t\t\t\t\t\t<div class=\"elementor-container elementor-column-gap-default\">\n\t\t\t\t\t<div class=\"elementor-column elementor-col-100 elementor-top-column elementor-element elementor-element-6b1ec0d\" data-id=\"6b1ec0d\" data-element_type=\"column\" data-e-type=\"column\" data-settings=\"{&quot;background_background&quot;:&quot;classic&quot;}\">\n\t\t\t<div class=\"elementor-widget-wrap elementor-element-populated\">\n\t\t\t\t\t\t<div class=\"elementor-element elementor-element-4e7f7d1 elementor-widget elementor-widget-heading\" data-id=\"4e7f7d1\" data-element_type=\"widget\" data-e-type=\"widget\" data-widget_type=\"heading.default\">\n\t\t\t\t\t<h5 class=\"elementor-heading-title elementor-size-default\">Nosso Corpo T\u00e9cnico<\/h5>\t\t\t\t<\/div>\n\t\t\t\t<div class=\"elementor-element elementor-element-cb8d05d elementor-widget elementor-widget-heading\" data-id=\"cb8d05d\" data-element_type=\"widget\" data-e-type=\"widget\" data-widget_type=\"heading.default\">\n\t\t\t\t\t<h2 class=\"elementor-heading-title elementor-size-default\">Equipe de Profissionais<\/h2>\t\t\t\t<\/div>\n\t\t\t\t<div class=\"elementor-element elementor-element-d25b78a elementor-widget elementor-widget-text-editor\" data-id=\"d25b78a\" data-element_type=\"widget\" data-e-type=\"widget\" data-widget_type=\"text-editor.default\">\n\t\t\t\t\t\t\t\t\t<h4>Al\u00e9m da compet\u00eancia t\u00e9cnica, prezamos pelo cuidado\u00a0 humanizado, garantindo que cada paciente seja atendido com aten\u00e7\u00e3o, respeito e empatia desde a primeira consulta.<\/h4>\t\t\t\t\t\t\t\t<\/div>\n\t\t\t\t<section class=\"elementor-section elementor-inner-section elementor-element elementor-element-e879dde elementor-section-boxed elementor-section-height-default elementor-section-height-default\" data-id=\"e879dde\" data-element_type=\"section\" data-e-type=\"section\">\n\t\t\t\t\t\t<div class=\"elementor-container elementor-column-gap-no\">\n\t\t\t\t\t<div class=\"elementor-column elementor-col-50 elementor-inner-column elementor-element elementor-element-4e9bb4e\" data-id=\"4e9bb4e\" data-element_type=\"column\" data-e-type=\"column\">\n\t\t\t<div class=\"elementor-widget-wrap elementor-element-populated\">\n\t\t\t\t\t\t<div class=\"elementor-element elementor-element-aecef61 elementor-widget elementor-widget-jkit_team\" data-id=\"aecef61\" data-element_type=\"widget\" data-e-type=\"widget\" data-widget_type=\"jkit_team.default\">\n\t\t\t\t\t<div  class=\"jeg-elementor-kit jkit-team style-overlay overlay-scale jeg_module___69fb66175e65a\" ><div class=\"profile-card \"><img decoding=\"async\" width=\"600\" height=\"900\" src=\"https:\/\/lojadesites.com.br\/dentista\/wp-content\/uploads\/2026\/01\/cps-11.jpg\" class=\"attachment-full size-full\" alt=\"Dr. Alexandre Weber \" url=\"https:\/\/lojadesites.com.br\/dentista\/wp-content\/uploads\/2026\/01\/cps-11.jpg\" source=\"library\" srcset=\"https:\/\/lojadesites.com.br\/dentista\/wp-content\/uploads\/2026\/01\/cps-11.jpg 600w, https:\/\/lojadesites.com.br\/dentista\/wp-content\/uploads\/2026\/01\/cps-11-200x300.jpg 200w\" sizes=\"(max-width: 600px) 100vw, 600px\" \/>\n                <div class=\"hover-area alignment-bottom\"><div class=\"profile-body\">\n                <h3 class=\"profile-title\">Dr. Alexandre Weber <\/h3>\n                <p class=\"profile-designation\">Cirurgias - Implantes - Pr\u00f3teses Dent\u00e1rias<\/p>\n                \n                <ul class=\"social-list\"><li class=\"social-icon elementor-repeater-item-c625a9a\"><a href=\"https:\/\/web.facebook.com\/parasorrir\" aria-label=\"social-icon\"><i aria-hidden=\"true\" class=\"fab fa-facebook-f\"><\/i><\/a><\/li><li class=\"social-icon elementor-repeater-item-3a36d8c\"><a href=\"https:\/\/www.instagram.com\/clinicaparasorrir\/\" aria-label=\"social-icon\"><i aria-hidden=\"true\" class=\"jki jki-instagram1-light\"><\/i><\/a><\/li><\/ul>\n            <\/div><\/div>\n            <\/div><\/div>\t\t\t\t<\/div>\n\t\t\t\t\t<\/div>\n\t\t<\/div>\n\t\t\t\t<div class=\"elementor-column elementor-col-50 elementor-inner-column elementor-element elementor-element-860152c\" data-id=\"860152c\" data-element_type=\"column\" data-e-type=\"column\">\n\t\t\t<div class=\"elementor-widget-wrap elementor-element-populated\">\n\t\t\t\t\t\t<div class=\"elementor-element elementor-element-3a4ad02 elementor-widget elementor-widget-jkit_team\" data-id=\"3a4ad02\" data-element_type=\"widget\" data-e-type=\"widget\" data-widget_type=\"jkit_team.default\">\n\t\t\t\t\t<div  class=\"jeg-elementor-kit jkit-team style-overlay overlay-scale jeg_module__1_69fb66176055a\" ><div class=\"profile-card \"><img decoding=\"async\" width=\"600\" height=\"900\" src=\"https:\/\/lojadesites.com.br\/dentista\/wp-content\/uploads\/2026\/01\/cps08.jpg\" class=\"attachment-full size-full\" alt=\"Dra Yaylla Jezini \" url=\"https:\/\/lojadesites.com.br\/dentista\/wp-content\/uploads\/2026\/01\/cps08.jpg\" source=\"library\" srcset=\"https:\/\/lojadesites.com.br\/dentista\/wp-content\/uploads\/2026\/01\/cps08.jpg 600w, https:\/\/lojadesites.com.br\/dentista\/wp-content\/uploads\/2026\/01\/cps08-200x300.jpg 200w\" sizes=\"(max-width: 600px) 100vw, 600px\" \/>\n                <div class=\"hover-area alignment-bottom\"><div class=\"profile-body\">\n                <h3 class=\"profile-title\">Dra Yaylla Jezini <\/h3>\n                <p class=\"profile-designation\">Respons\u00e1vel T\u00e9cnico da Cl\u00ednica Para Sorrir<\/p>\n                \n                <ul class=\"social-list\"><li class=\"social-icon elementor-repeater-item-c625a9a\"><a href=\"https:\/\/web.facebook.com\/parasorrir\" aria-label=\"social-icon\"><i aria-hidden=\"true\" class=\"fab fa-facebook-f\"><\/i><\/a><\/li><li class=\"social-icon elementor-repeater-item-3a36d8c\"><a href=\"https:\/\/www.instagram.com\/clinicaparasorrir\/\" aria-label=\"social-icon\"><i aria-hidden=\"true\" class=\"jki jki-instagram1-light\"><\/i><\/a><\/li><\/ul>\n            <\/div><\/div>\n            <\/div><\/div>\t\t\t\t<\/div>\n\t\t\t\t\t<\/div>\n\t\t<\/div>\n\t\t\t\t\t<\/div>\n\t\t<\/section>\n\t\t\t\t\t<\/div>\n\t\t<\/div>\n\t\t\t\t\t<\/div>\n\t\t<\/section>\n\t\t\t\t<section class=\"elementor-section elementor-top-section elementor-element elementor-element-4135c99 elementor-section-content-middle elementor-section-boxed elementor-section-height-default elementor-section-height-default\" data-id=\"4135c99\" data-element_type=\"section\" data-e-type=\"section\" data-settings=\"{&quot;background_background&quot;:&quot;classic&quot;}\">\n\t\t\t\t\t\t<div class=\"elementor-container elementor-column-gap-default\">\n\t\t\t\t\t<div class=\"elementor-column elementor-col-100 elementor-top-column elementor-element elementor-element-c8a3e24\" data-id=\"c8a3e24\" data-element_type=\"column\" data-e-type=\"column\" data-settings=\"{&quot;background_background&quot;:&quot;classic&quot;}\">\n\t\t\t<div class=\"elementor-widget-wrap elementor-element-populated\">\n\t\t\t\t\t\t<div class=\"elementor-element elementor-element-abdda84 elementor-widget elementor-widget-heading\" data-id=\"abdda84\" data-element_type=\"widget\" data-e-type=\"widget\" data-widget_type=\"heading.default\">\n\t\t\t\t\t<h5 class=\"elementor-heading-title elementor-size-default\">Nossos Dentistas<\/h5>\t\t\t\t<\/div>\n\t\t\t\t<div class=\"elementor-element elementor-element-9e484bf elementor-widget elementor-widget-heading\" data-id=\"9e484bf\" data-element_type=\"widget\" data-e-type=\"widget\" data-widget_type=\"heading.default\">\n\t\t\t\t\t<h2 class=\"elementor-heading-title elementor-size-default\">Time de Profissionais<\/h2>\t\t\t\t<\/div>\n\t\t\t\t<div class=\"elementor-element elementor-element-93923d9 elementor-widget elementor-widget-text-editor\" data-id=\"93923d9\" data-element_type=\"widget\" data-e-type=\"widget\" data-widget_type=\"text-editor.default\">\n\t\t\t\t\t\t\t\t\t<p>Contamos com uma equipe de apoio e espacialistas<\/p>\t\t\t\t\t\t\t\t<\/div>\n\t\t\t\t<section class=\"elementor-section elementor-inner-section elementor-element elementor-element-ebde554 elementor-section-boxed elementor-section-height-default elementor-section-height-default\" data-id=\"ebde554\" data-element_type=\"section\" data-e-type=\"section\">\n\t\t\t\t\t\t<div class=\"elementor-container elementor-column-gap-no\">\n\t\t\t\t\t<div class=\"elementor-column elementor-col-25 elementor-inner-column elementor-element elementor-element-3645ab1\" data-id=\"3645ab1\" data-element_type=\"column\" data-e-type=\"column\">\n\t\t\t<div class=\"elementor-widget-wrap elementor-element-populated\">\n\t\t\t\t\t\t<div class=\"elementor-element elementor-element-7f53c6a elementor-widget elementor-widget-jkit_team\" data-id=\"7f53c6a\" data-element_type=\"widget\" data-e-type=\"widget\" data-widget_type=\"jkit_team.default\">\n\t\t\t\t\t<div  class=\"jeg-elementor-kit jkit-team style-overlay overlay-scale jeg_module__2_69fb6617628ed\" ><div class=\"profile-card \"><img loading=\"lazy\" decoding=\"async\" width=\"1024\" height=\"1007\" src=\"https:\/\/lojadesites.com.br\/dentista\/wp-content\/uploads\/2025\/04\/female-dentist-posing-in-office-H89D7UA.jpg\" class=\"attachment-full size-full\" alt=\"Maya Navarro\" url=\"https:\/\/lojadesites.com.br\/dentista\/wp-content\/uploads\/2025\/04\/female-dentist-posing-in-office-H89D7UA.jpg\" source=\"library\" srcset=\"https:\/\/lojadesites.com.br\/dentista\/wp-content\/uploads\/2025\/04\/female-dentist-posing-in-office-H89D7UA.jpg 1024w, https:\/\/lojadesites.com.br\/dentista\/wp-content\/uploads\/2025\/04\/female-dentist-posing-in-office-H89D7UA-300x295.jpg 300w, https:\/\/lojadesites.com.br\/dentista\/wp-content\/uploads\/2025\/04\/female-dentist-posing-in-office-H89D7UA-768x755.jpg 768w\" sizes=\"(max-width: 1024px) 100vw, 1024px\" \/>\n                <div class=\"hover-area alignment-bottom\"><div class=\"profile-body\">\n                <h3 class=\"profile-title\">Maya Navarro<\/h3>\n                <p class=\"profile-designation\">Ortodontista<\/p>\n                \n                <ul class=\"social-list\"><li class=\"social-icon elementor-repeater-item-c625a9a\"><a href=\"https:\/\/web.facebook.com\/parasorrir\" aria-label=\"social-icon\"><i aria-hidden=\"true\" class=\"fab fa-facebook-f\"><\/i><\/a><\/li><li class=\"social-icon elementor-repeater-item-3a36d8c\"><a href=\"https:\/\/www.instagram.com\/clinicaparasorrir\/\" aria-label=\"social-icon\"><i aria-hidden=\"true\" class=\"jki jki-instagram1-light\"><\/i><\/a><\/li><\/ul>\n            <\/div><\/div>\n            <\/div><\/div>\t\t\t\t<\/div>\n\t\t\t\t\t<\/div>\n\t\t<\/div>\n\t\t\t\t<div class=\"elementor-column elementor-col-25 elementor-inner-column elementor-element elementor-element-e250f4e\" data-id=\"e250f4e\" data-element_type=\"column\" data-e-type=\"column\">\n\t\t\t<div class=\"elementor-widget-wrap elementor-element-populated\">\n\t\t\t\t\t\t<div class=\"elementor-element elementor-element-ce95c5a elementor-widget elementor-widget-jkit_team\" data-id=\"ce95c5a\" data-element_type=\"widget\" data-e-type=\"widget\" data-widget_type=\"jkit_team.default\">\n\t\t\t\t\t<div  class=\"jeg-elementor-kit jkit-team style-overlay overlay-scale jeg_module__3_69fb66176446c\" ><div class=\"profile-card \"><img loading=\"lazy\" decoding=\"async\" width=\"1024\" height=\"1007\" src=\"https:\/\/lojadesites.com.br\/dentista\/wp-content\/uploads\/2025\/04\/middle-eastern-dentist-posing-by-chair-3WJ4MEV.jpg\" class=\"attachment-full size-full\" alt=\"Maya Navarro\" url=\"https:\/\/lojadesites.com.br\/dentista\/wp-content\/uploads\/2025\/04\/middle-eastern-dentist-posing-by-chair-3WJ4MEV.jpg\" source=\"library\" srcset=\"https:\/\/lojadesites.com.br\/dentista\/wp-content\/uploads\/2025\/04\/middle-eastern-dentist-posing-by-chair-3WJ4MEV.jpg 1024w, https:\/\/lojadesites.com.br\/dentista\/wp-content\/uploads\/2025\/04\/middle-eastern-dentist-posing-by-chair-3WJ4MEV-300x295.jpg 300w, https:\/\/lojadesites.com.br\/dentista\/wp-content\/uploads\/2025\/04\/middle-eastern-dentist-posing-by-chair-3WJ4MEV-768x755.jpg 768w\" sizes=\"(max-width: 1024px) 100vw, 1024px\" \/>\n                <div class=\"hover-area alignment-bottom\"><div class=\"profile-body\">\n                <h3 class=\"profile-title\">Maya Navarro<\/h3>\n                <p class=\"profile-designation\">Ortodontista<\/p>\n                \n                <ul class=\"social-list\"><li class=\"social-icon elementor-repeater-item-c625a9a\"><a href=\"https:\/\/web.facebook.com\/parasorrir\" aria-label=\"social-icon\"><i aria-hidden=\"true\" class=\"fab fa-facebook-f\"><\/i><\/a><\/li><li class=\"social-icon elementor-repeater-item-3a36d8c\"><a href=\"https:\/\/www.instagram.com\/clinicaparasorrir\/\" aria-label=\"social-icon\"><i aria-hidden=\"true\" class=\"jki jki-instagram1-light\"><\/i><\/a><\/li><\/ul>\n            <\/div><\/div>\n            <\/div><\/div>\t\t\t\t<\/div>\n\t\t\t\t\t<\/div>\n\t\t<\/div>\n\t\t\t\t<div class=\"elementor-column elementor-col-25 elementor-inner-column elementor-element elementor-element-fa9792a\" data-id=\"fa9792a\" data-element_type=\"column\" data-e-type=\"column\">\n\t\t\t<div class=\"elementor-widget-wrap elementor-element-populated\">\n\t\t\t\t\t\t<div class=\"elementor-element elementor-element-ad61225 elementor-widget elementor-widget-jkit_team\" data-id=\"ad61225\" data-element_type=\"widget\" data-e-type=\"widget\" data-widget_type=\"jkit_team.default\">\n\t\t\t\t\t<div  class=\"jeg-elementor-kit jkit-team style-overlay overlay-scale jeg_module__4_69fb661765f97\" ><div class=\"profile-card \"><img loading=\"lazy\" decoding=\"async\" width=\"1024\" height=\"1007\" src=\"https:\/\/lojadesites.com.br\/dentista\/wp-content\/uploads\/2025\/04\/dentist-in-clinic-G862RTP.jpg\" class=\"attachment-full size-full\" alt=\"Maya Navarro\" url=\"https:\/\/lojadesites.com.br\/dentista\/wp-content\/uploads\/2025\/04\/dentist-in-clinic-G862RTP.jpg\" source=\"library\" srcset=\"https:\/\/lojadesites.com.br\/dentista\/wp-content\/uploads\/2025\/04\/dentist-in-clinic-G862RTP.jpg 1024w, https:\/\/lojadesites.com.br\/dentista\/wp-content\/uploads\/2025\/04\/dentist-in-clinic-G862RTP-300x295.jpg 300w, https:\/\/lojadesites.com.br\/dentista\/wp-content\/uploads\/2025\/04\/dentist-in-clinic-G862RTP-768x755.jpg 768w\" sizes=\"(max-width: 1024px) 100vw, 1024px\" \/>\n                <div class=\"hover-area alignment-bottom\"><div class=\"profile-body\">\n                <h3 class=\"profile-title\">Maya Navarro<\/h3>\n                <p class=\"profile-designation\">Ortodontista<\/p>\n                \n                <ul class=\"social-list\"><li class=\"social-icon elementor-repeater-item-c625a9a\"><a href=\"https:\/\/web.facebook.com\/parasorrir\" aria-label=\"social-icon\"><i aria-hidden=\"true\" class=\"fab fa-facebook-f\"><\/i><\/a><\/li><li class=\"social-icon elementor-repeater-item-3a36d8c\"><a href=\"https:\/\/www.instagram.com\/clinicaparasorrir\/\" aria-label=\"social-icon\"><i aria-hidden=\"true\" class=\"jki jki-instagram1-light\"><\/i><\/a><\/li><\/ul>\n            <\/div><\/div>\n            <\/div><\/div>\t\t\t\t<\/div>\n\t\t\t\t\t<\/div>\n\t\t<\/div>\n\t\t\t\t<div class=\"elementor-column elementor-col-25 elementor-inner-column elementor-element elementor-element-61b15c0\" data-id=\"61b15c0\" data-element_type=\"column\" data-e-type=\"column\">\n\t\t\t<div class=\"elementor-widget-wrap elementor-element-populated\">\n\t\t\t\t\t\t<div class=\"elementor-element elementor-element-d159d7f elementor-widget elementor-widget-jkit_team\" data-id=\"d159d7f\" data-element_type=\"widget\" data-e-type=\"widget\" data-widget_type=\"jkit_team.default\">\n\t\t\t\t\t<div  class=\"jeg-elementor-kit jkit-team style-overlay overlay-scale jeg_module__5_69fb661767a85\" ><div class=\"profile-card \"><img loading=\"lazy\" decoding=\"async\" width=\"1024\" height=\"1007\" src=\"https:\/\/lojadesites.com.br\/dentista\/wp-content\/uploads\/2025\/04\/smiling-dentist-standing-with-arms-crossed-P55SNTE-1.jpg\" class=\"attachment-full size-full\" alt=\"Maya Navarro\" url=\"https:\/\/lojadesites.com.br\/dentista\/wp-content\/uploads\/2025\/04\/smiling-dentist-standing-with-arms-crossed-P55SNTE-1.jpg\" source=\"library\" srcset=\"https:\/\/lojadesites.com.br\/dentista\/wp-content\/uploads\/2025\/04\/smiling-dentist-standing-with-arms-crossed-P55SNTE-1.jpg 1024w, https:\/\/lojadesites.com.br\/dentista\/wp-content\/uploads\/2025\/04\/smiling-dentist-standing-with-arms-crossed-P55SNTE-1-300x295.jpg 300w, https:\/\/lojadesites.com.br\/dentista\/wp-content\/uploads\/2025\/04\/smiling-dentist-standing-with-arms-crossed-P55SNTE-1-768x755.jpg 768w\" sizes=\"(max-width: 1024px) 100vw, 1024px\" \/>\n                <div class=\"hover-area alignment-bottom\"><div class=\"profile-body\">\n                <h3 class=\"profile-title\">Maya Navarro<\/h3>\n                <p class=\"profile-designation\">Ortodontista<\/p>\n                \n                <ul class=\"social-list\"><li class=\"social-icon elementor-repeater-item-c625a9a\"><a href=\"https:\/\/web.facebook.com\/parasorrir\" aria-label=\"social-icon\"><i aria-hidden=\"true\" class=\"fab fa-facebook-f\"><\/i><\/a><\/li><li class=\"social-icon elementor-repeater-item-3a36d8c\"><a href=\"https:\/\/www.instagram.com\/clinicaparasorrir\/\" aria-label=\"social-icon\"><i aria-hidden=\"true\" class=\"jki jki-instagram1-light\"><\/i><\/a><\/li><\/ul>\n            <\/div><\/div>\n            <\/div><\/div>\t\t\t\t<\/div>\n\t\t\t\t\t<\/div>\n\t\t<\/div>\n\t\t\t\t\t<\/div>\n\t\t<\/section>\n\t\t\t\t\t<\/div>\n\t\t<\/div>\n\t\t\t\t\t<\/div>\n\t\t<\/section>\n\t\t\t\t<\/div>\n\t\t","protected":false},"excerpt":{"rendered":"<p>Nossa Equipe Nossa Filosofia Respeito, Aten\u00e7\u00e3o e Empatia Na Cl\u00ednica Para Sorrir, acreditamos que um atendimento de qualidade come\u00e7a com pessoas que se importam de verdade. Por isso, reunimos uma equipe multidisciplinar formada por dentistas especializados, auxiliares e profissionais da sa\u00fade bucal que compartilham do mesmo prop\u00f3sito: cuidar de cada paciente com respeito, aten\u00e7\u00e3o e [&hellip;]<\/p>\n","protected":false},"author":1,"featured_media":0,"parent":0,"menu_order":0,"comment_status":"closed","ping_status":"closed","template":"","meta":{"footnotes":""},"class_list":["post-4588","page","type-page","status-publish","hentry"],"aioseo_notices":[],"_links":{"self":[{"href":"https:\/\/lojadesites.com.br\/dentista\/wp-json\/wp\/v2\/pages\/4588","targetHints":{"allow":["GET"]}}],"collection":[{"href":"https:\/\/lojadesites.com.br\/dentista\/wp-json\/wp\/v2\/pages"}],"about":[{"href":"https:\/\/lojadesites.com.br\/dentista\/wp-json\/wp\/v2\/types\/page"}],"author":[{"embeddable":true,"href":"https:\/\/lojadesites.com.br\/dentista\/wp-json\/wp\/v2\/users\/1"}],"replies":[{"embeddable":true,"href":"https:\/\/lojadesites.com.br\/dentista\/wp-json\/wp\/v2\/comments?post=4588"}],"version-history":[{"count":38,"href":"https:\/\/lojadesites.com.br\/dentista\/wp-json\/wp\/v2\/pages\/4588\/revisions"}],"predecessor-version":[{"id":5336,"href":"https:\/\/lojadesites.com.br\/dentista\/wp-json\/wp\/v2\/pages\/4588\/revisions\/5336"}],"wp:attachment":[{"href":"https:\/\/lojadesites.com.br\/dentista\/wp-json\/wp\/v2\/media?parent=4588"}],"curies":[{"name":"wp","href":"https:\/\/api.w.org\/{rel}","templated":true}]}}