{"id":1162,"date":"2025-10-19T17:08:05","date_gmt":"2025-10-19T21:08:05","guid":{"rendered":"https:\/\/lojadesites.com.br\/climatiza\/?page_id=1162"},"modified":"2025-10-29T12:29:01","modified_gmt":"2025-10-29T16:29:01","slug":"blog","status":"publish","type":"page","link":"https:\/\/lojadesites.com.br\/climatiza\/blog\/","title":{"rendered":"Blog"},"content":{"rendered":"\t\t<div data-elementor-type=\"wp-page\" data-elementor-id=\"1162\" class=\"elementor elementor-1162\" data-elementor-post-type=\"page\">\n\t\t\t\t<div class=\"elementor-element elementor-element-0581240 e-con-full e-flex e-con e-parent\" data-id=\"0581240\" data-element_type=\"container\" data-e-type=\"container\" data-settings=\"{&quot;background_background&quot;:&quot;classic&quot;}\">\n\t\t<div class=\"elementor-element elementor-element-be52fe6 e-con-full e-flex e-con e-child\" data-id=\"be52fe6\" data-element_type=\"container\" data-e-type=\"container\">\n\t\t\t\t<\/div>\n\t\t\t\t<\/div>\n\t\t<div class=\"elementor-element elementor-element-8444c02 e-flex e-con-boxed e-con e-parent\" data-id=\"8444c02\" data-element_type=\"container\" data-e-type=\"container\" data-settings=\"{&quot;background_background&quot;:&quot;classic&quot;}\">\n\t\t\t\t\t<div class=\"e-con-inner\">\n\t\t<div class=\"elementor-element elementor-element-024598f e-con-full e-flex e-con e-child\" data-id=\"024598f\" data-element_type=\"container\" data-e-type=\"container\">\n\t\t<div class=\"elementor-element elementor-element-3d5f397 e-flex e-con-boxed e-con e-child\" data-id=\"3d5f397\" data-element_type=\"container\" data-e-type=\"container\">\n\t\t\t\t\t<div class=\"e-con-inner\">\n\t\t\t\t<div class=\"elementor-element elementor-element-f767659 elementor-widget__width-initial elementor-widget-mobile__width-inherit elementor-invisible elementor-widget elementor-widget-icon-box\" data-id=\"f767659\" data-element_type=\"widget\" data-e-type=\"widget\" data-settings=\"{&quot;_animation&quot;:&quot;fadeInUp&quot;}\" data-widget_type=\"icon-box.default\">\n\t\t\t\t<div class=\"elementor-widget-container\">\n\t\t\t\t\t\t\t<div class=\"elementor-icon-box-wrapper\">\n\n\t\t\t\n\t\t\t\t\t\t<div class=\"elementor-icon-box-content\">\n\n\t\t\t\t\t\t\t\t\t<h2 class=\"elementor-icon-box-title\">\n\t\t\t\t\t\t<span  >\n\t\t\t\t\t\t\tNosso Blog\t\t\t\t\t\t<\/span>\n\t\t\t\t\t<\/h2>\n\t\t\t\t\n\t\t\t\t\t\t\t\t\t<p class=\"elementor-icon-box-description\">\n\t\t\t\t\t\tGrandes dicas para usar melhor seu ar-condicionado\t\t\t\t\t<\/p>\n\t\t\t\t\n\t\t\t<\/div>\n\t\t\t\n\t\t<\/div>\n\t\t\t\t\t\t<\/div>\n\t\t\t\t<\/div>\n\t\t\t\t\t<\/div>\n\t\t\t\t<\/div>\n\t\t\t\t<div class=\"elementor-element elementor-element-1f6c1da elementor-grid-tablet-1 elementor-posts--align-left elementor-grid-3 elementor-grid-mobile-1 elementor-posts--thumbnail-top elementor-invisible elementor-widget elementor-widget-posts\" data-id=\"1f6c1da\" data-element_type=\"widget\" data-e-type=\"widget\" data-settings=\"{&quot;_animation&quot;:&quot;fadeIn&quot;,&quot;classic_columns_tablet&quot;:&quot;1&quot;,&quot;classic_row_gap&quot;:{&quot;unit&quot;:&quot;px&quot;,&quot;size&quot;:10,&quot;sizes&quot;:[]},&quot;classic_columns&quot;:&quot;3&quot;,&quot;classic_columns_mobile&quot;:&quot;1&quot;,&quot;classic_row_gap_tablet&quot;:{&quot;unit&quot;:&quot;px&quot;,&quot;size&quot;:&quot;&quot;,&quot;sizes&quot;:[]},&quot;classic_row_gap_mobile&quot;:{&quot;unit&quot;:&quot;px&quot;,&quot;size&quot;:&quot;&quot;,&quot;sizes&quot;:[]}}\" data-widget_type=\"posts.classic\">\n\t\t\t\t<div class=\"elementor-widget-container\">\n\t\t\t\t\t\t\t<div class=\"elementor-posts-container elementor-posts elementor-posts--skin-classic elementor-grid\" role=\"list\">\n\t\t\t\t<article class=\"elementor-post elementor-grid-item post-1288 post type-post status-publish format-standard has-post-thumbnail hentry category-informativos\" role=\"listitem\">\n\t\t\t\t<a class=\"elementor-post__thumbnail__link\" href=\"https:\/\/lojadesites.com.br\/climatiza\/higienizacao-do-ar-condicionado\/\" tabindex=\"-1\" >\n\t\t\t<div class=\"elementor-post__thumbnail\"><picture><source srcset=\"https:\/\/lojadesites.com.br\/climatiza\/wp-content\/webp-express\/webp-images\/uploads\/2025\/10\/higienizacao-gpt.jpg.webp 900w, https:\/\/lojadesites.com.br\/climatiza\/wp-content\/webp-express\/webp-images\/uploads\/2025\/10\/higienizacao-gpt-300x200.jpg.webp 300w, https:\/\/lojadesites.com.br\/climatiza\/wp-content\/webp-express\/webp-images\/uploads\/2025\/10\/higienizacao-gpt-768x512.jpg.webp 768w\" sizes=\"(max-width: 800px) 100vw, 800px\" type=\"image\/webp\"><img fetchpriority=\"high\" decoding=\"async\" width=\"800\" height=\"533\" src=\"https:\/\/lojadesites.com.br\/climatiza\/wp-content\/uploads\/2025\/10\/higienizacao-gpt.jpg\" class=\"attachment-large size-large wp-image-1217 webpexpress-processed\" alt=\"Higieniza\u00e7\u00e3o do Ar-Condicionado: Mais Sa\u00fade e Economia\" srcset=\"https:\/\/lojadesites.com.br\/climatiza\/wp-content\/uploads\/2025\/10\/higienizacao-gpt.jpg 900w, https:\/\/lojadesites.com.br\/climatiza\/wp-content\/uploads\/2025\/10\/higienizacao-gpt-300x200.jpg 300w, https:\/\/lojadesites.com.br\/climatiza\/wp-content\/uploads\/2025\/10\/higienizacao-gpt-768x512.jpg 768w\" sizes=\"(max-width: 800px) 100vw, 800px\"><\/picture><\/div>\n\t\t<\/a>\n\t\t\t\t<div class=\"elementor-post__text\">\n\t\t\t\t<h3 class=\"elementor-post__title\">\n\t\t\t<a href=\"https:\/\/lojadesites.com.br\/climatiza\/higienizacao-do-ar-condicionado\/\" >\n\t\t\t\tHigieniza\u00e7\u00e3o do Ar-Condicionado: Mais Sa\u00fade e Economia\t\t\t<\/a>\n\t\t<\/h3>\n\t\t\t\t<\/div>\n\t\t\t\t<\/article>\n\t\t\t\t<article class=\"elementor-post elementor-grid-item post-1280 post type-post status-publish format-standard has-post-thumbnail hentry category-informativos\" role=\"listitem\">\n\t\t\t\t<a class=\"elementor-post__thumbnail__link\" href=\"https:\/\/lojadesites.com.br\/climatiza\/dicas-de-manutencao\/\" tabindex=\"-1\" >\n\t\t\t<div class=\"elementor-post__thumbnail\"><picture><source srcset=\"https:\/\/lojadesites.com.br\/climatiza\/wp-content\/webp-express\/webp-images\/uploads\/2025\/10\/manutencao-gpt-1.jpg.webp 900w, https:\/\/lojadesites.com.br\/climatiza\/wp-content\/webp-express\/webp-images\/uploads\/2025\/10\/manutencao-gpt-1-300x200.jpg.webp 300w, https:\/\/lojadesites.com.br\/climatiza\/wp-content\/webp-express\/webp-images\/uploads\/2025\/10\/manutencao-gpt-1-768x512.jpg.webp 768w\" sizes=\"(max-width: 800px) 100vw, 800px\" type=\"image\/webp\"><img decoding=\"async\" width=\"800\" height=\"533\" src=\"https:\/\/lojadesites.com.br\/climatiza\/wp-content\/uploads\/2025\/10\/manutencao-gpt-1.jpg\" class=\"attachment-large size-large wp-image-1287 webpexpress-processed\" alt=\"7 Dicas de Manuten\u00e7\u00e3o de Ar-Condicionado\" srcset=\"https:\/\/lojadesites.com.br\/climatiza\/wp-content\/uploads\/2025\/10\/manutencao-gpt-1.jpg 900w, https:\/\/lojadesites.com.br\/climatiza\/wp-content\/uploads\/2025\/10\/manutencao-gpt-1-300x200.jpg 300w, https:\/\/lojadesites.com.br\/climatiza\/wp-content\/uploads\/2025\/10\/manutencao-gpt-1-768x512.jpg 768w\" sizes=\"(max-width: 800px) 100vw, 800px\"><\/picture><\/div>\n\t\t<\/a>\n\t\t\t\t<div class=\"elementor-post__text\">\n\t\t\t\t<h3 class=\"elementor-post__title\">\n\t\t\t<a href=\"https:\/\/lojadesites.com.br\/climatiza\/dicas-de-manutencao\/\" >\n\t\t\t\t7 Dicas de Manuten\u00e7\u00e3o: Como Aumentar a Vida \u00datil do Seu Ar-Condicionado\t\t\t<\/a>\n\t\t<\/h3>\n\t\t\t\t<\/div>\n\t\t\t\t<\/article>\n\t\t\t\t<article class=\"elementor-post elementor-grid-item post-701 post type-post status-publish format-standard has-post-thumbnail hentry category-inspiracao category-negocios tag-fim-de-ano\" role=\"listitem\">\n\t\t\t\t<a class=\"elementor-post__thumbnail__link\" href=\"https:\/\/lojadesites.com.br\/climatiza\/o-que-vender-no-fim-do-ano\/\" tabindex=\"-1\" >\n\t\t\t<div class=\"elementor-post__thumbnail\"><picture><source srcset=\"https:\/\/lojadesites.com.br\/climatiza\/wp-content\/webp-express\/webp-images\/uploads\/2025\/10\/o-que-vender-no-fim-do-ano.jpg.webp 900w, https:\/\/lojadesites.com.br\/climatiza\/wp-content\/webp-express\/webp-images\/uploads\/2025\/10\/o-que-vender-no-fim-do-ano-300x200.jpg.webp 300w, https:\/\/lojadesites.com.br\/climatiza\/wp-content\/webp-express\/webp-images\/uploads\/2025\/10\/o-que-vender-no-fim-do-ano-768x512.jpg.webp 768w\" sizes=\"(max-width: 800px) 100vw, 800px\" type=\"image\/webp\"><img decoding=\"async\" width=\"800\" height=\"533\" src=\"https:\/\/lojadesites.com.br\/climatiza\/wp-content\/uploads\/2025\/10\/o-que-vender-no-fim-do-ano.jpg\" class=\"attachment-large size-large wp-image-702 webpexpress-processed\" alt=\"Ideias do que Vender no Fim do Ano para Ganhar Dinheiro \u2014 O Guia Completo por Faixa de Investimento\" srcset=\"https:\/\/lojadesites.com.br\/climatiza\/wp-content\/uploads\/2025\/10\/o-que-vender-no-fim-do-ano.jpg 900w, https:\/\/lojadesites.com.br\/climatiza\/wp-content\/uploads\/2025\/10\/o-que-vender-no-fim-do-ano-300x200.jpg 300w, https:\/\/lojadesites.com.br\/climatiza\/wp-content\/uploads\/2025\/10\/o-que-vender-no-fim-do-ano-768x512.jpg 768w\" sizes=\"(max-width: 800px) 100vw, 800px\"><\/picture><\/div>\n\t\t<\/a>\n\t\t\t\t<div class=\"elementor-post__text\">\n\t\t\t\t<h3 class=\"elementor-post__title\">\n\t\t\t<a href=\"https:\/\/lojadesites.com.br\/climatiza\/o-que-vender-no-fim-do-ano\/\" >\n\t\t\t\tO que Vender no Fim do Ano para Ganhar Dinheiro\t\t\t<\/a>\n\t\t<\/h3>\n\t\t\t\t<\/div>\n\t\t\t\t<\/article>\n\t\t\t\t<article class=\"elementor-post elementor-grid-item post-676 post type-post status-publish format-standard has-post-thumbnail hentry category-empreendedorismos category-marketing\" role=\"listitem\">\n\t\t\t\t<a class=\"elementor-post__thumbnail__link\" href=\"https:\/\/lojadesites.com.br\/climatiza\/renda-passiva-como-ganhar-dinheiro-enquanto-vive-a-vida\/\" tabindex=\"-1\" >\n\t\t\t<div class=\"elementor-post__thumbnail\"><picture><source srcset=\"https:\/\/lojadesites.com.br\/climatiza\/wp-content\/webp-express\/webp-images\/uploads\/2025\/10\/renda-passiva.jpg.webp 900w, https:\/\/lojadesites.com.br\/climatiza\/wp-content\/webp-express\/webp-images\/uploads\/2025\/10\/renda-passiva-300x200.jpg.webp 300w, https:\/\/lojadesites.com.br\/climatiza\/wp-content\/webp-express\/webp-images\/uploads\/2025\/10\/renda-passiva-768x512.jpg.webp 768w\" sizes=\"(max-width: 800px) 100vw, 800px\" type=\"image\/webp\"><img loading=\"lazy\" decoding=\"async\" width=\"800\" height=\"533\" src=\"https:\/\/lojadesites.com.br\/climatiza\/wp-content\/uploads\/2025\/10\/renda-passiva.jpg\" class=\"attachment-large size-large wp-image-677 webpexpress-processed\" alt=\"Renda Passiva: Como Ganhar Dinheiro Mesmo Dormindo e Construir Liberdade Financeira de Verdade!\" srcset=\"https:\/\/lojadesites.com.br\/climatiza\/wp-content\/uploads\/2025\/10\/renda-passiva.jpg 900w, https:\/\/lojadesites.com.br\/climatiza\/wp-content\/uploads\/2025\/10\/renda-passiva-300x200.jpg 300w, https:\/\/lojadesites.com.br\/climatiza\/wp-content\/uploads\/2025\/10\/renda-passiva-768x512.jpg 768w\" sizes=\"(max-width: 800px) 100vw, 800px\"><\/picture><\/div>\n\t\t<\/a>\n\t\t\t\t<div class=\"elementor-post__text\">\n\t\t\t\t<h3 class=\"elementor-post__title\">\n\t\t\t<a href=\"https:\/\/lojadesites.com.br\/climatiza\/renda-passiva-como-ganhar-dinheiro-enquanto-vive-a-vida\/\" >\n\t\t\t\tRenda Passiva: Como Ganhar Dinheiro Enquanto Vive a Vida\t\t\t<\/a>\n\t\t<\/h3>\n\t\t\t\t<\/div>\n\t\t\t\t<\/article>\n\t\t\t\t<article class=\"elementor-post elementor-grid-item post-672 post type-post status-publish format-standard has-post-thumbnail hentry category-empreendedorismos\" role=\"listitem\">\n\t\t\t\t<a class=\"elementor-post__thumbnail__link\" href=\"https:\/\/lojadesites.com.br\/climatiza\/abrir-um-negocio-na-web\/\" tabindex=\"-1\" >\n\t\t\t<div class=\"elementor-post__thumbnail\"><picture><source srcset=\"https:\/\/lojadesites.com.br\/climatiza\/wp-content\/webp-express\/webp-images\/uploads\/2025\/10\/acessorios-semi-joias.jpg.webp 900w, https:\/\/lojadesites.com.br\/climatiza\/wp-content\/webp-express\/webp-images\/uploads\/2025\/10\/acessorios-semi-joias-300x200.jpg.webp 300w, https:\/\/lojadesites.com.br\/climatiza\/wp-content\/webp-express\/webp-images\/uploads\/2025\/10\/acessorios-semi-joias-768x512.jpg.webp 768w\" sizes=\"(max-width: 800px) 100vw, 800px\" type=\"image\/webp\"><img loading=\"lazy\" decoding=\"async\" width=\"800\" height=\"533\" src=\"https:\/\/lojadesites.com.br\/climatiza\/wp-content\/uploads\/2025\/10\/acessorios-semi-joias.jpg\" class=\"attachment-large size-large wp-image-673 webpexpress-processed\" alt=\"\" srcset=\"https:\/\/lojadesites.com.br\/climatiza\/wp-content\/uploads\/2025\/10\/acessorios-semi-joias.jpg 900w, https:\/\/lojadesites.com.br\/climatiza\/wp-content\/uploads\/2025\/10\/acessorios-semi-joias-300x200.jpg 300w, https:\/\/lojadesites.com.br\/climatiza\/wp-content\/uploads\/2025\/10\/acessorios-semi-joias-768x512.jpg 768w\" sizes=\"(max-width: 800px) 100vw, 800px\"><\/picture><\/div>\n\t\t<\/a>\n\t\t\t\t<div class=\"elementor-post__text\">\n\t\t\t\t<h3 class=\"elementor-post__title\">\n\t\t\t<a href=\"https:\/\/lojadesites.com.br\/climatiza\/abrir-um-negocio-na-web\/\" >\n\t\t\t\t10 Dicas Para Abrir um Neg\u00f3cio na Web e Lucrar de Verdade\t\t\t<\/a>\n\t\t<\/h3>\n\t\t\t\t<\/div>\n\t\t\t\t<\/article>\n\t\t\t\t<article class=\"elementor-post elementor-grid-item post-241 post type-post status-publish format-standard has-post-thumbnail hentry category-informativos category-franquias\" role=\"listitem\">\n\t\t\t\t<a class=\"elementor-post__thumbnail__link\" href=\"https:\/\/lojadesites.com.br\/climatiza\/investir-em-uma-franquia\/\" tabindex=\"-1\" >\n\t\t\t<div class=\"elementor-post__thumbnail\"><picture><source srcset=\"https:\/\/lojadesites.com.br\/climatiza\/wp-content\/webp-express\/webp-images\/uploads\/2025\/10\/treinamento.jpg.webp 900w, https:\/\/lojadesites.com.br\/climatiza\/wp-content\/webp-express\/webp-images\/uploads\/2025\/10\/treinamento-300x200.jpg.webp 300w, https:\/\/lojadesites.com.br\/climatiza\/wp-content\/webp-express\/webp-images\/uploads\/2025\/10\/treinamento-768x512.jpg.webp 768w\" sizes=\"(max-width: 800px) 100vw, 800px\" type=\"image\/webp\"><img loading=\"lazy\" decoding=\"async\" width=\"800\" height=\"533\" src=\"https:\/\/lojadesites.com.br\/climatiza\/wp-content\/uploads\/2025\/10\/treinamento.jpg\" class=\"attachment-large size-large wp-image-542 webpexpress-processed\" alt=\"\" srcset=\"https:\/\/lojadesites.com.br\/climatiza\/wp-content\/uploads\/2025\/10\/treinamento.jpg 900w, https:\/\/lojadesites.com.br\/climatiza\/wp-content\/uploads\/2025\/10\/treinamento-300x200.jpg 300w, https:\/\/lojadesites.com.br\/climatiza\/wp-content\/uploads\/2025\/10\/treinamento-768x512.jpg 768w\" sizes=\"(max-width: 800px) 100vw, 800px\"><\/picture><\/div>\n\t\t<\/a>\n\t\t\t\t<div class=\"elementor-post__text\">\n\t\t\t\t<h3 class=\"elementor-post__title\">\n\t\t\t<a href=\"https:\/\/lojadesites.com.br\/climatiza\/investir-em-uma-franquia\/\" >\n\t\t\t\tInvestir em uma franquia: O que voc\u00ea precisa saber antes\t\t\t<\/a>\n\t\t<\/h3>\n\t\t\t\t<\/div>\n\t\t\t\t<\/article>\n\t\t\t\t<\/div>\n\t\t\n\t\t\t\t\t\t<\/div>\n\t\t\t\t<\/div>\n\t\t\t\t<\/div>\n\t\t\t\t\t<\/div>\n\t\t\t\t<\/div>\n\t\t\t\t<\/div>\n\t\t","protected":false},"excerpt":{"rendered":"<p>Nosso Blog Grandes dicas para usar melhor seu ar-condicionado<\/p>\n","protected":false},"author":1,"featured_media":0,"parent":0,"menu_order":0,"comment_status":"closed","ping_status":"closed","template":"","meta":{"footnotes":""},"class_list":["post-1162","page","type-page","status-publish","hentry"],"_links":{"self":[{"href":"https:\/\/lojadesites.com.br\/climatiza\/wp-json\/wp\/v2\/pages\/1162","targetHints":{"allow":["GET"]}}],"collection":[{"href":"https:\/\/lojadesites.com.br\/climatiza\/wp-json\/wp\/v2\/pages"}],"about":[{"href":"https:\/\/lojadesites.com.br\/climatiza\/wp-json\/wp\/v2\/types\/page"}],"author":[{"embeddable":true,"href":"https:\/\/lojadesites.com.br\/climatiza\/wp-json\/wp\/v2\/users\/1"}],"replies":[{"embeddable":true,"href":"https:\/\/lojadesites.com.br\/climatiza\/wp-json\/wp\/v2\/comments?post=1162"}],"version-history":[{"count":3,"href":"https:\/\/lojadesites.com.br\/climatiza\/wp-json\/wp\/v2\/pages\/1162\/revisions"}],"predecessor-version":[{"id":1419,"href":"https:\/\/lojadesites.com.br\/climatiza\/wp-json\/wp\/v2\/pages\/1162\/revisions\/1419"}],"wp:attachment":[{"href":"https:\/\/lojadesites.com.br\/climatiza\/wp-json\/wp\/v2\/media?parent=1162"}],"curies":[{"name":"wp","href":"https:\/\/api.w.org\/{rel}","templated":true}]}}